{"id":90662,"date":"2022-11-18T12:22:59","date_gmt":"2022-11-18T11:22:59","guid":{"rendered":"https:\/\/perfumeriamaria.com\/?post_type=product&#038;p=90662"},"modified":"2026-04-20T13:11:54","modified_gmt":"2026-04-20T12:11:54","slug":"tobacco-oud-de-ton-for-unisex","status":"publish","type":"product","link":"https:\/\/perfumeriamaria.com\/pt\/produto\/tobacco-oud-de-ton-for-unisex\/","title":{"rendered":"TOBACCO OUD DE TON FOR UNISEX #31062"},"content":{"rendered":"<h2 style=\"text-align: center;\"><strong>PERFUME <span style=\"color: #ed1c24;\">NICHO<\/span>\u00a0UNISEX SIMILAR A<\/strong><\/h2>\n<h3 style=\"text-align: center;\"><span style=\"color: #ed1c24;\"><strong>TOBACCO OUD DE TON FOR UNISEX #31062<\/strong><\/span><\/h3>\n<p class=\"composition__value\">Tobacco Oud de Ton For, explora una historia secreta de pasiones adictivas \u00e1rabes. Un perfume creado con la resina de la madera oud preciosa y el ar\u00f3matico tabaco.<\/p>\n<p>En Perfumer\u00eda Mar\u00eda, te presentamos el EDP (eau de parfum) TOBACCO OUD DE TON FOR UNISEX #31062, un perfume equivalente. Nuestros clientes resaltan y destacan su durabilidad y excelente relaci\u00f3n calidad-precio, convirti\u00e9ndolo en una elecci\u00f3n popular. Puedes ver las opiniones de nuestros clientes <a title=\"Valoraciones de Clientes\" href=\"https:\/\/perfumeriamaria.com\/valoraciones\/\" target=\"_blank\" rel=\"nofollow noopener\">aqu\u00ed<\/a>.<\/p>\n<h3>Historia de los perfumes. \u00bfDe d\u00f3nde vienen los perfumes?<\/h3>\n<p>Los perfumes tienen una larga historia que se remonta a la antig\u00fcedad, con or\u00edgenes que se encuentran en diversas culturas y civilizaciones. Los egipcios utilizaban sustancias arom\u00e1ticas en ceremonias religiosas, mientras que los griegos y romanos tambi\u00e9n desarrollaron sus propias formas de utilizar perfumes y fragancias.<\/p>\n<p>La t\u00e9cnica de la destilaci\u00f3n, fundamental para la creaci\u00f3n de perfumes modernos, fue perfeccionada por los \u00e1rabes. Finalmente, Francia, especialmente la regi\u00f3n de <a href=\"https:\/\/es.wikipedia.org\/wiki\/Grasse\" target=\"_blank\" rel=\"noopener nofollow\">Grasse<\/a>, se convirti\u00f3 en un centro importante para la producci\u00f3n de perfumes, gracias a su clima favorable y a la tradici\u00f3n de cultivo de flores arom\u00e1ticas.<\/p>\n<p>En Perfumer\u00eda Mar\u00eda tienda online de perfumes de marca blanca, te ofrecemos una amplia selecci\u00f3n de eau de parfum (EDP) inspirados en las fragancias m\u00e1s ic\u00f3nicas del mundo. Cada uno de nuestros productos est\u00e1 elaborado con esencias de alta calidad, cuidadosamente seleccionadas para garantizar una experiencia olfativa duradera y sofisticada.<\/p>\n<h3>Beneficios del Perfume de Equivalencia.<\/h3>\n<p>En los \u00faltimos a\u00f1os, los perfumes de equivalencia han ganado una gran popularidad gracias a su excelente relaci\u00f3n calidad-precio, amplia variedad de aromas y compromiso con pr\u00e1cticas m\u00e1s sostenibles.<\/p>\n<p>A continuaci\u00f3n, te explicamos por qu\u00e9 cada vez m\u00e1s personas eligen esta alternativa inteligente. El principal atractivo de las r\u00e9plicas de perfumes originales<strong>, <\/strong> es su capacidad para ofrecer fragancias de alta gama a un precio mucho m\u00e1s accesible. Estas esencias est\u00e1n inspiradas en las grandes marcas reconocidas, pero sin los elevados costes asociados al marketing y el envase lujoso.<\/p>\n<p>Esto no significa que se comprometa la calidad del producto: En Perfumer\u00eda Mar\u00eda utilizamos ingredientes de alta calidad, con f\u00f3rmulas que garantizan una buena duraci\u00f3n y proyecci\u00f3n. Adem\u00e1s, al eliminar los sobrecostes de distribuci\u00f3n y publicidad, estos perfumes permiten a los consumidores acceder a fragancias exclusivas sin romper su presupuesto.<\/p>\n<p>Puedes acceder al formulario de <a href=\"https:\/\/perfumeriamaria.com\/contacto\/\" target=\"_blank\" rel=\"nofollow noopener\">contacto para cualquier consulta o sugerencia.<\/a><\/p>\n<h3>Responsabilidad con la Naturaleza<\/h3>\n<p>M\u00e1s all\u00e1 de ofrecer una alternativa econ\u00f3mica y de calidad. En Perfumer\u00eda Mar\u00eda nos preocupamos profundamente por el impacto ambiental. Por eso, nuestros perfumes de marca blanca se elaboran bajo criterios sostenibles: utilizamos envases reciclables y reciclados en su mayor parte, procesos de producci\u00f3n responsables y proveedores que comparten nuestra visi\u00f3n de respeto por el planeta.<\/p>\n<p>Adem\u00e1s, nuestros productos no est\u00e1n testados en animales, ni su elaboraci\u00f3n final ni absolutamente ning\u00fan ingrediente de su composici\u00f3n, por ello podemos hablar de perfumes veganos (Los perfumes veganos son aquellos que, entre sus ingredientes, no hay ninguno que proceda de los animales ni de derivados de ellos).<\/p>\n<p>Cada paso que damos est\u00e1 guiado por un firme compromiso con la sostenibilidad y la \u00e9tica. Sabemos que cuidar del planeta tambi\u00e9n es una forma de cuidar de nosotros mismos.<\/p>\n<p><strong><span role=\"img\" aria-label=\"Donaci\u00f3n\">\ud83d\udc15<\/span> <\/strong>Por cada perfume que compres, donamos 25 c\u00e9ntimos a una protectora de animales y 25 c\u00e9ntimos a la lucha contra el c\u00e1ncer.<\/p>\n<h3>Compromiso con la Calidad<\/h3>\n<p>A pesar de su precio m\u00e1s asequible, los perfumes de imitaci\u00f3n<strong>, <\/strong> no sacrifican la calidad. En Perfumer\u00eda Mar\u00eda, contamos con perfumistas profesionales que recrean cuidadosamente las notas olfativas de los perfumes. El resultado es un producto que, en muchos casos, puede llegar a ser casi indistinguible para el olfato promedio.<\/p>\n<p>Adem\u00e1s, todos nuestros productos est\u00e1n respaldados por la Certificaci\u00f3n ISO 9001 de gesti\u00f3n de calidad y la Certificaci\u00f3n ISO 22716 de buenas pr\u00e1cticas en fabricaci\u00f3n de cosm\u00e9ticos y se realizan rigurosos controles para garantizar la seguridad y eficacia del producto. La transparencia en la formulaci\u00f3n y la claridad sobre los ingredientes utilizados refuerzan la confianza del consumidor en estos productos.<\/p>\n<h3>Envases Sostenibles<\/h3>\n<p>Otro aspecto importante en el compromiso con la sostenibilidad es el uso de envases sostenibles. En Perfumer\u00eda Mar\u00eda optamos por materiales reciclados y 100% reciclables. Por ejemplo, el cart\u00f3n de los estuches, las cajas de env\u00edo incluso, el pl\u00e1stico de los pulverizadores, tienen que tener el m\u00e1ximo % de material reciclado.<\/p>\n<p>Esta tendencia no solo reduce el impacto ambiental, sino que tambi\u00e9n ofrece una imagen m\u00e1s responsable y coherente con nuestros valores. Nuestro compromiso con el cuidado del planeta tambi\u00e9n se refleja en la innovaci\u00f3n, promoviendo alternativas ecol\u00f3gicas que minimizan el impacto ambiental y fomentan el reciclaje.<\/p>\n<p><strong><span role=\"img\" aria-label=\"Reciclaje\">\u267b\ufe0f<\/span> <\/strong>Por favor, s\u00e9 responsable con el medio ambiente: una vez terminado el producto, tira el <strong><span style=\"color: #008000;\">vidrio al contenedor verde<\/span><\/strong> y el <strong><span style=\"color: #e6ba0e;\">pulverizador al amarillo<\/span><\/strong> y los <span style=\"color: #0000ff;\"><strong>cartones al azul<\/strong>.<\/span><\/p>\n<hr \/>\n<p><img decoding=\"async\" class=\"alignnone\" style=\"width: 300px; height: auto;\" src=\"https:\/\/perfumeriamaria.com\/wp-content\/uploads\/2026\/02\/perfume-imitacion-premium-unisex-100ml-perfumeria-maria-1500.jpg\" alt=\"Perfume Equivalente TOBACCO OUD DE TON FOR UNISEX #31062\" width=\"254\" height=\"22\" title=\"\"><\/p>\n<p>Inspirado en fragancias populares, este perfume ofrece una experiencia \u00fanica sin igualar a ninguna marca espec\u00edfica.<\/p>\n<hr \/>\n<h3>\ud83c\udf38 \u00bfPor qu\u00e9 elegir perfume?<\/h3>\n<p>Al elegir este EDP (eau de parfum) como nuestro TOBACCO OUD DE TON FOR UNISEX #31062, apoyas un futuro m\u00e1s verde, \u00e9tico y sostenible. Destaca con estilo, sabiendo que est\u00e1s tomando decisiones responsables que benefician tanto a tu bolsillo como al medio ambiente. Juntos podemos marcar la diferencia en la conservaci\u00f3n de nuestro planeta, promoviendo el consumo consciente y promoviendo una belleza natural sin compromisos. No te preocupes por la duraci\u00f3n y calidad; nuestros productos est\u00e1n dise\u00f1ados para ofrecerte la mejor experiencia sensorial. Descubre una forma de perfumarte que respeta el medio ambiente, la \u00e9tica y la calidad.<\/p>\n<hr \/>\n<h3><strong>\ud83d\udccd<\/strong>\u00bfC\u00f3mo Comprar?<\/h3>\n<ul style=\"text-align: left; list-style-type: none; margin: 0; padding: 0;\">\n<li>1\ufe0f\u20e3 Elige tu perfume equivalente favorito.<\/li>\n<li>2\ufe0f\u20e3 A\u00f1\u00e1delo al carrito y aplica tu descuento (si lo tienes).<\/li>\n<\/ul>\n<hr \/>\n<h3><strong>\ud83d\udc68\u200d\ud83c\udf93<\/strong>RECUERDA<\/h3>\n<ul style=\"text-align: left; list-style-type: none; margin: 0; padding: 0;\">\n<li><span role=\"img\" aria-label=\"B\u00fasqueda\">\ud83d\udd0d<\/span> Contamos con m\u00e1s de 600 referencias. Si no encuentras tu perfume, cont\u00e1ctanos desde nuestra <a title=\"Contacta si necesitas ayuda\" href=\"https:\/\/perfumeriamaria.com\/contacto\" target=\"_blank\" rel=\"nofollow noopener\">p\u00e1gina de contacto.<\/a><\/li>\n<li>\ud83d\udd10 <strong>Compra segura<\/strong>: \u00a1Tus datos personales est\u00e1n protegidos. \u00a1No mandamos publicidad!<\/li>\n<li>\ud83d\udcb6 <strong>Precio exclusivo<\/strong>: Prueba una muestra antes de comprar por solo 3.00 \u20ac.<\/li>\n<li>\u231b <strong>Gran duraci\u00f3n<\/strong>: Como todo Perfume de alta gama.<\/li>\n<li>\ud83d\udce6 <strong>Env\u00edos r\u00e1pidos<\/strong> a pen\u00ednsula. 24\/48h \u2013 Rec\u00edbelo en casa sin esperas.<\/li>\n<li><span role=\"img\" aria-label=\"No env\u00edos\">\u26d4 <\/span>No realizamos env\u00edos a Ceuta, Melilla y Canarias.<\/li>\n<li><strong><span role=\"img\" aria-label=\"Descuento\">\ud83d\udcb0<\/span> <\/strong>Al realizar una compra, generas un 10% de descuento para tu siguiente compra. \u00a1Recuerda que tienes 60 d\u00edas para canjearlo!<\/li>\n<li style=\"background-color: #ffff00; color: red; padding: 5px; margin-top: 10px;\">\u274c Todos los datos para el env\u00edo son importantes. Si se realiza un env\u00edo err\u00f3neo por su culpa, deber\u00e1 asumir los gastos del reenv\u00edo.<\/li>\n<li style=\"background-color: #ffff00; color: red; padding: 4px;\"><strong><span role=\"img\" aria-label=\"Descuento\">\u26a0\ufe0f<\/span> <\/strong>Aseg\u00farate de proporcionar la direcci\u00f3n completa y correcta: piso, escalera, puerta, bloque, n\u00famero\u2026<\/li>\n<\/ul>\n<hr \/>\n<h3>\ud83d\udccc INFORMACI\u00d3N CLAVE<\/h3>\n<ul style=\"text-align: left; list-style-type: none; margin: 0; padding: 0;\">\n<li>\ud83d\udd39 Stock : No disponible .<\/li>\n<li>\u2b50 Valoraci\u00f3n: 4.67 estrellas (3 rese\u00f1as).<\/li>\n<li>\ud83d\udd0d \u00bfBuscas otro Perfume de imitaci\u00f3n? \u00a1Cont\u00e1ctanos por <strong><a title=\"Contacta via WhatsApp\" href=\"https:\/\/web.whatsapp.com\/send?phone=34670246549&amp;text=Pide tu CUP\u00d3N Kiwi\ud83e\udd5d\" target=\"_blank\" rel=\"noopener nofollow\"><\/a><\/strong> <a title=\"Contacta si necesitas ayuda\" href=\"https:\/\/web.whatsapp.com\/send?phone=34670246549&amp;text=Pide tu CUP\u00d3N Kiwi\ud83e\udd5d\" target=\"_blank\" rel=\"noopener nofollow\">WhatsApp<\/a>!<\/li>\n<\/ul>\n<hr \/>\n<h4 style=\"text-align: center;\">\ud83d\udcac<em> \u00a1Pru\u00e9balo y notar\u00e1s la diferencia!<\/em><\/h4>\n<hr \/>\n<p style=\"text-align: center;\"><img decoding=\"async\" src=\"https:\/\/perfumeriamaria.com\/wp-content\/uploads\/2025\/06\/laboratorio-perfumeria-maria.png\" alt=\"Perfume Equivalente [product_name] Perfumer\u00eda Mar\u00eda Murcia\" width=\"300\" height=\"auto\" title=\"\">\n<p style=\"color: #ffffff; font-size: 1%;\">&#8211;<\/p>\n","protected":false},"excerpt":{"rendered":"<p style=\"text-align: center;\"><i class=\"fa fa-male\" title=\"Perfumes de Homem\"><\/i><i class=\"fa fa-female\" title=\"Perfumes de Mulher\"><\/i><strong><span style=\"color: #ea1919;\"><span style=\"color: #000000;\">\u00a0PERFUME<\/span>\u00a0NICHO\u00a0<\/span><\/strong><\/p>\n<p><strong>Familia Olfativa:<\/strong> Amaderada Especiada para mujer y hombre<br \/>\n<strong>Notas de Salida<\/strong>: Whisky.<br \/>\n<strong>Notas Coraz\u00f3n<\/strong>: Especiadas, canela y cilantro.<br \/>\n<strong>Notas de Fondo<\/strong>: Tabaco, madera de oud, s\u00e1ndalo, incienso, pachul\u00ed,benju\u00ed, vainilla y cedro.<\/p>","protected":false},"featured_media":92147,"comment_status":"open","ping_status":"closed","template":"","meta":[],"product_brand":[],"product_cat":[714,1714,1722,28,63,1571,1570],"product_tag":[748,771,658,102,103,95,150,99,163,164,895,894,693,659],"class_list":{"0":"post-90662","1":"product","2":"type-product","3":"status-publish","4":"has-post-thumbnail","6":"product_cat-premium-unisex","7":"product_cat-amaderado","8":"product_cat-especiada","9":"product_cat-perfumes","10":"product_cat-perfumes-premium","11":"product_cat-perfumes-premium-unisex","12":"product_cat-unisex","13":"product_tag-amaderado","14":"product_tag-for","15":"product_tag-oriental","16":"product_tag-perfumes","17":"product_tag-perfumes-de-equivalencia","18":"product_tag-perfumes-de-imitacion","19":"product_tag-perfumes-equivalenza","20":"product_tag-perfumes-marca-blanca","21":"product_tag-perfumes-unisex","22":"product_tag-perfumes-vip","23":"product_tag-tobacco","24":"product_tag-tobaco","25":"product_tag-tom-ford","26":"product_tag-unisex","28":"first","29":"outofstock","30":"taxable","31":"shipping-taxable","32":"purchasable","33":"product-type-variable","34":"has-default-attributes"},"_links":{"self":[{"href":"https:\/\/perfumeriamaria.com\/pt\/wp-json\/wp\/v2\/product\/90662","targetHints":{"allow":["GET"]}}],"collection":[{"href":"https:\/\/perfumeriamaria.com\/pt\/wp-json\/wp\/v2\/product"}],"about":[{"href":"https:\/\/perfumeriamaria.com\/pt\/wp-json\/wp\/v2\/types\/product"}],"replies":[{"embeddable":true,"href":"https:\/\/perfumeriamaria.com\/pt\/wp-json\/wp\/v2\/comments?post=90662"}],"wp:featuredmedia":[{"embeddable":true,"href":"https:\/\/perfumeriamaria.com\/pt\/wp-json\/wp\/v2\/media\/92147"}],"wp:attachment":[{"href":"https:\/\/perfumeriamaria.com\/pt\/wp-json\/wp\/v2\/media?parent=90662"}],"wp:term":[{"taxonomy":"product_brand","embeddable":true,"href":"https:\/\/perfumeriamaria.com\/pt\/wp-json\/wp\/v2\/product_brand?post=90662"},{"taxonomy":"product_cat","embeddable":true,"href":"https:\/\/perfumeriamaria.com\/pt\/wp-json\/wp\/v2\/product_cat?post=90662"},{"taxonomy":"product_tag","embeddable":true,"href":"https:\/\/perfumeriamaria.com\/pt\/wp-json\/wp\/v2\/product_tag?post=90662"}],"curies":[{"name":"wp","href":"https:\/\/api.w.org\/{rel}","templated":true}]}}