{"id":86615,"date":"2020-09-01T09:54:29","date_gmt":"2020-09-01T08:54:29","guid":{"rendered":"https:\/\/perfumeriamaria.com\/?post_type=product&#038;p=86615"},"modified":"2026-05-08T19:33:44","modified_gmt":"2026-05-08T18:33:44","slug":"sexparfum-seduction-con-feromonas-para-atraer-hombres","status":"publish","type":"product","link":"https:\/\/perfumeriamaria.com\/pt\/produto\/sexparfum-seduction-con-feromonas-para-atraer-hombres\/","title":{"rendered":"SEXPARFUM SEDUCTION CON FEROMONAS PARA ATRAER HOMBRES"},"content":{"rendered":"<h2 style=\"text-align: center;\"><strong>PERFUME CON FEROMONAS DE MUJER\u00a0<\/strong><\/h2>\n<h3 style=\"text-align: center;\"><span style=\"color: #ff00ff;\"><strong>SEXPARFUM SEDUCTION CON FEROMONAS PARA ATRAER HOMBRES<\/strong><\/span><\/h3>\n<p>En Perfumer\u00eda Mar\u00eda, te presentamos Sexparfum Seduction, el\u00a0 EDP (eau de parfum) con feromonas, un perfume original. Nuestros clientes resaltan y destacan su durabilidad y excelente relaci\u00f3n calidad-precio, convirti\u00e9ndolo en una elecci\u00f3n popular. Puedes ver las opiniones de nuestros clientes <a title=\"Valoraciones de Clientes\" href=\"https:\/\/perfumeriamaria.com\/valoraciones\/\" target=\"_blank\" rel=\"nofollow noopener\">aqu\u00ed<\/a>.<\/p>\n<h3>\u00bfQu\u00e9 Son las Feromonas?<\/h3>\n<p>Las feromonas son compuestos qu\u00edmicos naturales que los seres humanos y otros animales liberan al ambiente para comunicar diferentes estados emocionales o intenciones. En el mundo animal, estas sustancias juegan un papel fundamental en la reproducci\u00f3n, la territorialidad y la comunicaci\u00f3n social. En los humanos, aunque todav\u00eda hay debates cient\u00edficos, se cree que las feromonas pueden influir en aspectos como la atracci\u00f3n, el estado de \u00e1nimo y la percepci\u00f3n social.<\/p>\n<p>Las feromonas humanas se producen en gl\u00e1ndulas sudor\u00edparas y otras \u00e1reas del cuerpo, y se liberan en peque\u00f1as cantidades. Cuando otra persona entra en contacto con estas sustancias, puede experimentar cambios en su comportamiento o en su percepci\u00f3n, sin que necesariamente sea consciente de ello. Es por eso que muchas personas buscan feromonas en productos como perfumes, colonias o sprays, con la esperanza de potenciar su atractivo natural.<\/p>\n<h3>\u00bfCu\u00e1les Son las Mejores Feromonas? La Opini\u00f3n de Perfumer\u00eda Mar\u00eda.<\/h3>\n<p>Cuando hablamos de feromonas de calidad, es fundamental escoger productos confiables y efectivos. En este sentido,\u00a0<strong>Perfumer\u00eda Mar\u00eda<\/strong>\u00a0se destaca por ofrecer algunas de las mejores feromonas del mercado, dise\u00f1adas para potenciar tu atractivo de manera natural y segura.<\/p>\n<p><strong>\u00bfPor qu\u00e9 elegir las feromonas de Perfumer\u00eda Mar\u00eda?<\/strong><\/p>\n<ul>\n<li><strong>Calidad garantizada:<\/strong>\u00a0Sus productos contienen feromonas sint\u00e9ticas de alta pureza, dise\u00f1adas para imitar las feromonas humanas reales y maximizar su efecto.<\/li>\n<li><strong>F\u00f3rmulas exclusivas:<\/strong> Perfumer\u00eda Mar\u00eda combina feromonas con fragancias atractivas y elegantes.<\/li>\n<\/ul>\n<p>Puedes acceder al formulario de <a href=\"https:\/\/perfumeriamaria.com\/contacto\/\" target=\"_blank\" rel=\"nofollow noopener\">contacto para cualquier consulta o sugerencia.<\/a><\/p>\n<h3>Responsabilidad con la Naturaleza<\/h3>\n<p>M\u00e1s all\u00e1 de ofrecer una alternativa econ\u00f3mica y de calidad. En Perfumer\u00eda Mar\u00eda nos preocupamos profundamente por el impacto ambiental. Por eso, nuestros perfumes de marca blanca se elaboran bajo criterios sostenibles: utilizamos envases reciclables y reciclados en su mayor parte, procesos de producci\u00f3n responsables y proveedores que comparten nuestra visi\u00f3n de respeto por el planeta.<\/p>\n<p>Adem\u00e1s, nuestros productos no est\u00e1n testados en animales, ni su elaboraci\u00f3n final ni absolutamente ning\u00fan ingrediente de su composici\u00f3n, por ello podemos hablar de perfumes veganos (Los perfumes veganos son aquellos que, entre sus ingredientes, no hay ninguno que proceda de los animales ni de derivados de ellos).<\/p>\n<p>Cada paso que damos est\u00e1 guiado por un firme compromiso con la sostenibilidad y la \u00e9tica. Sabemos que cuidar del planeta tambi\u00e9n es una forma de cuidar de nosotros mismos.<\/p>\n<p><strong><span role=\"img\" aria-label=\"Donaci\u00f3n\">\ud83d\udc15<\/span> <\/strong>Por cada perfume que compres, donamos 25 c\u00e9ntimos a una protectora de animales y 25 c\u00e9ntimos a la lucha contra el c\u00e1ncer.<\/p>\n<h3>Compromiso con la Calidad<\/h3>\n<p>A pesar de su precio m\u00e1s asequible, los perfumes de imitaci\u00f3n<strong>, <\/strong> no sacrifican la calidad. En Perfumer\u00eda Mar\u00eda, contamos con perfumistas profesionales que recrean cuidadosamente las notas olfativas de los perfumes. El resultado es un producto que, en muchos casos, puede llegar a ser casi indistinguible para el olfato promedio.<\/p>\n<p>Adem\u00e1s, todos nuestros productos est\u00e1n respaldados por la Certificaci\u00f3n ISO 9001 de gesti\u00f3n de calidad y la Certificaci\u00f3n ISO 22716 de buenas pr\u00e1cticas en fabricaci\u00f3n de cosm\u00e9ticos y se realizan rigurosos controles para garantizar la seguridad y eficacia del producto. La transparencia en la formulaci\u00f3n y la claridad sobre los ingredientes utilizados refuerzan la confianza del consumidor en estos productos.<\/p>\n<h3>Envases Sostenibles<\/h3>\n<p>Otro aspecto importante en el compromiso con la sostenibilidad es el uso de envases sostenibles. En Perfumer\u00eda Mar\u00eda optamos por materiales reciclados y 100% reciclables. Por ejemplo, el cart\u00f3n de los estuches, las cajas de env\u00edo incluso, el pl\u00e1stico de los pulverizadores, tienen que tener el m\u00e1ximo % de material reciclado.<\/p>\n<p>Esta tendencia no solo reduce el impacto ambiental, sino que tambi\u00e9n ofrece una imagen m\u00e1s responsable y coherente con nuestros valores. Nuestro compromiso con el cuidado del planeta tambi\u00e9n se refleja en la innovaci\u00f3n, promoviendo alternativas ecol\u00f3gicas que minimizan el impacto ambiental y fomentan el reciclaje.<\/p>\n<p><strong><span role=\"img\" aria-label=\"Reciclaje\">\u267b\ufe0f<\/span> <\/strong>Por favor, s\u00e9 responsable con el medio ambiente: una vez terminado el producto, tira el <strong><span style=\"color: #008000;\">vidrio al contenedor verde<\/span><\/strong> y el <strong><span style=\"color: #e6ba0e;\">pulverizador al amarillo<\/span><\/strong> y los <span style=\"color: #0000ff;\"><strong>cartones al azul<\/strong>.<\/span><\/p>\n<hr \/>\n<p><img decoding=\"async\" class=\"alignnone\" style=\"width: 300px; height: auto;\" src=\"https:\/\/perfumeriamaria.com\/wp-content\/uploads\/2025\/12\/frasco-perfume-premium-mujer-perfumeria-maria-murcia-2026-1.jpg\" alt=\"Perfume Equivalente SEXPARFUM SEDUCTION CON FEROMONAS PARA ATRAER HOMBRES\" width=\"254\" height=\"22\" title=\"\"><\/p>\n<p>Inspirado en fragancias populares, este perfume ofrece una experiencia \u00fanica sin igualar a ninguna marca espec\u00edfica.<\/p>\n<hr \/>\n<h3>\ud83c\udf38 \u00bfPor qu\u00e9 elegir perfume?<\/h3>\n<p>Al elegir este EDP (eau de parfum) como nuestro SEXPARFUM SEDUCTION CON FEROMONAS PARA ATRAER HOMBRES, apoyas un futuro m\u00e1s verde, \u00e9tico y sostenible. Destaca con estilo, sabiendo que est\u00e1s tomando decisiones responsables que benefician tanto a tu bolsillo como al medio ambiente. Juntos podemos marcar la diferencia en la conservaci\u00f3n de nuestro planeta, promoviendo el consumo consciente y promoviendo una belleza natural sin compromisos. No te preocupes por la duraci\u00f3n y calidad; nuestros productos est\u00e1n dise\u00f1ados para ofrecerte la mejor experiencia sensorial. Descubre una forma de perfumarte que respeta el medio ambiente, la \u00e9tica y la calidad.<\/p>\n<hr \/>\n<h3><strong>\ud83d\udccd<\/strong>\u00bfC\u00f3mo Comprar?<\/h3>\n<ul style=\"text-align: left; list-style-type: none; margin: 0; padding: 0;\">\n<li>1\ufe0f\u20e3 Elige tu perfume equivalente favorito.<\/li>\n<li>2\ufe0f\u20e3 A\u00f1\u00e1delo al carrito y aplica tu descuento (si lo tienes).<\/li>\n<\/ul>\n<hr \/>\n<h3><strong>\ud83d\udc68\u200d\ud83c\udf93<\/strong>RECUERDA<\/h3>\n<ul style=\"text-align: left; list-style-type: none; margin: 0; padding: 0;\">\n<li><span role=\"img\" aria-label=\"B\u00fasqueda\">\ud83d\udd0d<\/span> Contamos con m\u00e1s de 600 referencias. Si no encuentras tu perfume, cont\u00e1ctanos desde nuestra <a title=\"Contacta si necesitas ayuda\" href=\"https:\/\/perfumeriamaria.com\/contacto\" target=\"_blank\" rel=\"nofollow noopener\">p\u00e1gina de contacto.<\/a><\/li>\n<li>\ud83d\udd10 <strong>Compra segura<\/strong>: \u00a1Tus datos personales est\u00e1n protegidos. \u00a1No mandamos publicidad!<\/li>\n<li>\ud83d\udcb6 <strong>Precio exclusivo<\/strong>: Prueba una muestra antes de comprar por solo 16.95 \u20ac.<\/li>\n<li>\u231b <strong>Gran duraci\u00f3n<\/strong>: Como todo Perfume de alta gama.<\/li>\n<li>\ud83d\udce6 <strong>Env\u00edos r\u00e1pidos<\/strong> a pen\u00ednsula. 24\/48h \u2013 Rec\u00edbelo en casa sin esperas.<\/li>\n<li><span role=\"img\" aria-label=\"No env\u00edos\">\u26d4 <\/span>No realizamos env\u00edos a Ceuta, Melilla y Canarias.<\/li>\n<li><strong><span role=\"img\" aria-label=\"Descuento\">\ud83d\udcb0<\/span> <\/strong>Al realizar una compra, generas un 10% de descuento para tu siguiente compra. \u00a1Recuerda que tienes 60 d\u00edas para canjearlo!<\/li>\n<li style=\"background-color: #ffff00; color: red; padding: 5px; margin-top: 10px;\">\u274c Todos los datos para el env\u00edo son importantes. Si se realiza un env\u00edo err\u00f3neo por su culpa, deber\u00e1 asumir los gastos del reenv\u00edo.<\/li>\n<li style=\"background-color: #ffff00; color: red; padding: 4px;\"><strong><span role=\"img\" aria-label=\"Descuento\">\u26a0\ufe0f<\/span> <\/strong>Aseg\u00farate de proporcionar la direcci\u00f3n completa y correcta: piso, escalera, puerta, bloque, n\u00famero\u2026<\/li>\n<\/ul>\n<hr \/>\n<h3>\ud83d\udccc INFORMACI\u00d3N CLAVE<\/h3>\n<ul style=\"text-align: left; list-style-type: none; margin: 0; padding: 0;\">\n<li>\ud83d\udd39 Stock : Disponible .<\/li>\n<li>\u2b50 Valoraci\u00f3n: 5.00 estrellas (2 rese\u00f1as).<\/li>\n<li>\ud83d\udd0d \u00bfBuscas otro Perfume de imitaci\u00f3n? \u00a1Cont\u00e1ctanos por <strong><a title=\"Contacta via WhatsApp\" href=\"https:\/\/web.whatsapp.com\/send?phone=34670246549&amp;text=Pide tu CUP\u00d3N Kiwi\ud83e\udd5d\" target=\"_blank\" rel=\"noopener nofollow\"><\/a><\/strong> <a title=\"Contacta si necesitas ayuda\" href=\"https:\/\/web.whatsapp.com\/send?phone=34670246549&amp;text=Pide tu CUP\u00d3N Kiwi\ud83e\udd5d\" target=\"_blank\" rel=\"noopener nofollow\">WhatsApp<\/a>!<\/li>\n<\/ul>\n<hr \/>\n<h4 style=\"text-align: center;\">\ud83d\udcac<em> \u00a1Pru\u00e9balo y notar\u00e1s la diferencia!<\/em><\/h4>\n<hr \/>\n<p style=\"text-align: center;\"><img decoding=\"async\" src=\"https:\/\/perfumeriamaria.com\/wp-content\/uploads\/2025\/06\/laboratorio-perfumeria-maria.png\" alt=\"Perfume Equivalente [product_name] Perfumer\u00eda Mar\u00eda Murcia\" width=\"300\" height=\"auto\" title=\"\">\n<p style=\"color: #ffffff; font-size: 1%;\">&#8211;<\/p>\n","protected":false},"excerpt":{"rendered":"<p style=\"text-align: center;\"><i class=\"fa fa-male\" title=\"Perfumes de Homem\"><\/i><b>PERFUME <span style=\"color: #e14d43;\">EDICI\u00d3N\u00a0PREMIUM<\/span>\u00a0(M\u00c1S ESENCIA)<\/b><\/p>\n<p style=\"text-align: center;\"><b><span style=\"font-family: 'Trebuchet MS', sans-serif; font-size: medium;\">ENVASE DE 100 ML<\/span><\/b><\/p>","protected":false},"featured_media":91934,"comment_status":"open","ping_status":"closed","template":"","meta":[],"product_brand":[],"product_cat":[63,28,85,589],"product_tag":[1416,1417,1011,1010,1012,1013,1014],"class_list":{"0":"post-86615","1":"product","2":"type-product","3":"status-publish","4":"has-post-thumbnail","6":"product_cat-perfumes-premium","7":"product_cat-perfumes","8":"product_cat-premium-mujer","9":"product_cat-mujer-premium","10":"product_tag-atraccion","11":"product_tag-atraccion-mujer","12":"product_tag-atraer","13":"product_tag-feromonas","14":"product_tag-ligar","15":"product_tag-seductor","16":"product_tag-sexo","17":"pa_familia-olfativa-ambar","19":"first","20":"instock","21":"taxable","22":"shipping-taxable","23":"purchasable","24":"product-type-variable","25":"has-default-attributes"},"_links":{"self":[{"href":"https:\/\/perfumeriamaria.com\/pt\/wp-json\/wp\/v2\/product\/86615","targetHints":{"allow":["GET"]}}],"collection":[{"href":"https:\/\/perfumeriamaria.com\/pt\/wp-json\/wp\/v2\/product"}],"about":[{"href":"https:\/\/perfumeriamaria.com\/pt\/wp-json\/wp\/v2\/types\/product"}],"replies":[{"embeddable":true,"href":"https:\/\/perfumeriamaria.com\/pt\/wp-json\/wp\/v2\/comments?post=86615"}],"wp:featuredmedia":[{"embeddable":true,"href":"https:\/\/perfumeriamaria.com\/pt\/wp-json\/wp\/v2\/media\/91934"}],"wp:attachment":[{"href":"https:\/\/perfumeriamaria.com\/pt\/wp-json\/wp\/v2\/media?parent=86615"}],"wp:term":[{"taxonomy":"product_brand","embeddable":true,"href":"https:\/\/perfumeriamaria.com\/pt\/wp-json\/wp\/v2\/product_brand?post=86615"},{"taxonomy":"product_cat","embeddable":true,"href":"https:\/\/perfumeriamaria.com\/pt\/wp-json\/wp\/v2\/product_cat?post=86615"},{"taxonomy":"product_tag","embeddable":true,"href":"https:\/\/perfumeriamaria.com\/pt\/wp-json\/wp\/v2\/product_tag?post=86615"}],"curies":[{"name":"wp","href":"https:\/\/api.w.org\/{rel}","templated":true}]}}