{"id":89632,"date":"2021-10-05T21:12:14","date_gmt":"2021-10-05T20:12:14","guid":{"rendered":"https:\/\/perfumeriamaria.com\/?page_id=89632"},"modified":"2025-07-19T23:34:17","modified_gmt":"2025-07-19T22:34:17","slug":"unisex","status":"publish","type":"page","link":"https:\/\/perfumeriamaria.com\/pt\/perfumes\/premium\/unisex\/","title":{"rendered":"Premium Unisex"},"content":{"rendered":"\n<div class=\"row row-collapse row-full-width\"  id=\"row-2118105943\">\n\n\n\t<div id=\"col-1715643584\" class=\"col small-12 large-12\"  >\n\t\t\t\t<div class=\"col-inner\"  >\n\t\t\t\n\t\t\t\n\n<div class=\"slider-wrapper relative\" id=\"slider-1995047661\" >\n    <div class=\"slider slider-nav-circle slider-nav-large slider-nav-light slider-style-normal\"\n        data-flickity-options='{\n            \"cellAlign\": \"center\",\n            \"imagesLoaded\": true,\n            \"lazyLoad\": 1,\n            \"freeScroll\": false,\n            \"wrapAround\": true,\n            \"autoPlay\": 5000,\n            \"pauseAutoPlayOnHover\" : false,\n            \"prevNextButtons\": false,\n            \"contain\" : true,\n            \"adaptiveHeight\" : true,\n            \"dragThreshold\" : 10,\n            \"percentPosition\": true,\n            \"pageDots\": false,\n            \"rightToLeft\": false,\n            \"draggable\": true,\n            \"selectedAttraction\": 0.1,\n            \"parallax\" : 0,\n            \"friction\": 0.6        }'\n        >\n        \n\n\n  <div class=\"banner has-hover\" id=\"banner-1523278782\">\n          <div class=\"banner-inner fill\">\n        <div class=\"banner-bg fill\" >\n                                                \n                    <\/div>\n\t\t\n        <div class=\"banner-layers container\">\n            <div class=\"fill banner-link\"><\/div>            \n\n   <div id=\"text-box-1853933734\" class=\"text-box banner-layer x50 md-x50 lg-x50 y50 md-y50 lg-y50 res-text\">\n                     <div data-animate=\"fadeInDown\">           <div class=\"text-box-content text dark\">\n              \n              <div class=\"text-inner text-center\">\n                  \n\n\t<div id=\"text-2602011270\" class=\"text\">\n\t\t\n\n<p class=\"uppercase\"><span style=\"font-size: 130%;\"><strong>PERFUMER\u00cdA MAR\u00cdA<\/strong><\/span><\/p>\n<p class=\"uppercase\">Amplio CAt\u00e1logo de Perfumes para Hombre y Mujer<\/p>\n\t\t\n<style>\n#text-2602011270 {\n  font-size: 0.75rem;\n}\n<\/style>\n\t<\/div>\n\t\n\n              <\/div>\n           <\/div>\n       <\/div>                     \n<style>\n#text-box-1853933734 {\n  width: 98%;\n}\n#text-box-1853933734 .text-box-content {\n  font-size: 100%;\n}\n@media (min-width:550px) {\n  #text-box-1853933734 {\n    width: 96%;\n  }\n}\n@media (min-width:850px) {\n  #text-box-1853933734 {\n    width: 100%;\n  }\n}\n<\/style>\n    <\/div>\n \n\n        <\/div>\n      <\/div>\n\n            \n<style>\n#banner-1523278782 {\n  padding-top: 80px;\n  background-color: rgb(0, 0, 0);\n}\n@media (min-width:550px) {\n  #banner-1523278782 {\n    padding-top: 80px;\n  }\n}\n@media (min-width:850px) {\n  #banner-1523278782 {\n    padding-top: 80px;\n  }\n}\n<\/style>\n  <\/div>\n\n\n\n  <div class=\"banner has-hover\" id=\"banner-58689316\">\n          <div class=\"banner-inner fill\">\n        <div class=\"banner-bg fill\" >\n                                                \n                    <\/div>\n\t\t\n        <div class=\"banner-layers container\">\n            <div class=\"fill banner-link\"><\/div>            \n\n   <div id=\"text-box-1315789094\" class=\"text-box banner-layer x50 md-x50 lg-x50 y50 md-y50 lg-y50 res-text\">\n                     <div data-animate=\"fadeInLeft\">           <div class=\"text-box-content text dark\">\n              \n              <div class=\"text-inner text-center\">\n                  \n\n<p><span style=\"font-size: 120%;\">\u00a0 Env\u00edos R\u00e1pidos <img decoding=\"async\" class=\"\" style=\"color: #555555;\" src=\"https:\/\/perfumeriamaria.com\/wp-content\/uploads\/2020\/06\/envio-perfumeriamaria.png\" alt=\"envios-gratuitos\" width=\"34\" height=\"28\" title=\"\"><\/span><\/p>\n\n              <\/div>\n           <\/div>\n       <\/div>                     \n<style>\n#text-box-1315789094 {\n  width: 98%;\n}\n#text-box-1315789094 .text-box-content {\n  font-size: 100%;\n}\n@media (min-width:550px) {\n  #text-box-1315789094 {\n    width: 96%;\n  }\n}\n@media (min-width:850px) {\n  #text-box-1315789094 {\n    width: 100%;\n  }\n}\n<\/style>\n    <\/div>\n \n\n        <\/div>\n      <\/div>\n\n            \n<style>\n#banner-58689316 {\n  padding-top: 80px;\n  background-color: rgb(0,0,0);\n}\n@media (min-width:550px) {\n  #banner-58689316 {\n    padding-top: 80px;\n  }\n}\n@media (min-width:850px) {\n  #banner-58689316 {\n    padding-top: 80px;\n  }\n}\n<\/style>\n  <\/div>\n\n\n\n  <div class=\"banner has-hover\" id=\"banner-298370252\">\n          <div class=\"banner-inner fill\">\n        <div class=\"banner-bg fill\" >\n                                                \n                    <\/div>\n\t\t\n        <div class=\"banner-layers container\">\n            <div class=\"fill banner-link\"><\/div>            \n\n   <div id=\"text-box-1367080896\" class=\"text-box banner-layer x50 md-x50 lg-x50 y50 md-y50 lg-y50 res-text\">\n                     <div data-animate=\"fadeInDown\">           <div class=\"text-box-content text dark\">\n              \n              <div class=\"text-inner text-center\">\n                  \n\n\t<div id=\"text-2939744366\" class=\"text\">\n\t\t\n\n<p><span style=\"font-size: 120%;\">Si quieres tener un buen d\u00eda, compra en Perfumer\u00eda Mar\u00eda<\/span><\/p>\n\t\t\n<style>\n#text-2939744366 {\n  font-size: 0.75rem;\n}\n<\/style>\n\t<\/div>\n\t\n\n              <\/div>\n           <\/div>\n       <\/div>                     \n<style>\n#text-box-1367080896 {\n  width: 98%;\n}\n#text-box-1367080896 .text-box-content {\n  font-size: 100%;\n}\n@media (min-width:550px) {\n  #text-box-1367080896 {\n    width: 96%;\n  }\n}\n@media (min-width:850px) {\n  #text-box-1367080896 {\n    width: 100%;\n  }\n}\n<\/style>\n    <\/div>\n \n\n        <\/div>\n      <\/div>\n\n            \n<style>\n#banner-298370252 {\n  padding-top: 80px;\n  background-color: rgb(0,0,0);\n}\n@media (min-width:550px) {\n  #banner-298370252 {\n    padding-top: 80px;\n  }\n}\n@media (min-width:850px) {\n  #banner-298370252 {\n    padding-top: 80px;\n  }\n}\n<\/style>\n  <\/div>\n\n\n\n\n     <\/div>\n\n     <div class=\"loading-spin dark large centered\"><\/div>\n\n\t<\/div>\n\n\n\n\n\t\t<\/div>\n\t\t\t\t\t<\/div>\n\n\t\n\n<\/div>\n<div class=\"row row-divided\"  id=\"row-1330009450\">\n\n\n\t<div id=\"col-1451107685\" class=\"col small-12 large-12\"  >\n\t\t\t\t<div class=\"col-inner\"  >\n\t\t\t\n\t\t\t\n\n<div class=\"container section-title-container\" style=\"margin-top:30px;\"><h3 class=\"section-title section-title-center\"><b aria-hidden=\"true\"><\/b><span class=\"section-title-main\" >PERFUMES PREMIUM UNISEX<\/span><b aria-hidden=\"true\"><\/b><\/h3><\/div>\n\n\t\n  \n    <div class=\"row  equalize-box large-columns-4 medium-columns-4 small-columns-2 row-small\" >\n  \n\t     <div class=\"product-small col has-hover product type-product post-90836 status-publish first instock product_cat-amaderado product_cat-aromatica product_cat-perfumes product_cat-nicho product_cat-nicho-unisex product_cat-perfumes-premium-unisex product_cat-perfumes-unisex product_cat-unisex product_tag-amaderado product_tag-for product_tag-oriental product_tag-perfumes product_tag-perfumes-de-equivalencia product_tag-perfumes-de-imitacion product_tag-perfumes-equivalenza product_tag-perfumes-marca-blanca product_tag-perfumes-unisex product_tag-perfumes-vip product_tag-unisex has-post-thumbnail taxable shipping-taxable purchasable product-type-variable has-default-attributes\">\n\t<div class=\"col-inner\">\n\t\n<div class=\"badge-container absolute left top z-1\">\n\n<\/div>\n\t<div class=\"product-small box \">\n\t\t<div class=\"box-image\">\n\t\t\t<div class=\"image-fade_in_back\">\n\t\t\t\t<a href=\"https:\/\/perfumeriamaria.com\/pt\/produto\/perfume-similar-philosykos-diptyque\/\">\n\t\t\t\t\t<img decoding=\"async\" width=\"247\" height=\"247\" src=\"https:\/\/perfumeriamaria.com\/wp-content\/uploads\/2026\/02\/perfume-imitacion-premium-unisex-100ml-perfumeria-maria-1500-247x247.jpg\" class=\"attachment-woocommerce_thumbnail size-woocommerce_thumbnail\" alt=\"[product_name] perfume imitaci\u00f3n premium unisex 100ml perfumeria maria\" srcset=\"https:\/\/perfumeriamaria.com\/wp-content\/uploads\/2026\/02\/perfume-imitacion-premium-unisex-100ml-perfumeria-maria-1500-247x247.jpg 247w, https:\/\/perfumeriamaria.com\/wp-content\/uploads\/2026\/02\/perfume-imitacion-premium-unisex-100ml-perfumeria-maria-1500-12x12.jpg 12w, https:\/\/perfumeriamaria.com\/wp-content\/uploads\/2026\/02\/perfume-imitacion-premium-unisex-100ml-perfumeria-maria-1500-510x510.jpg 510w, https:\/\/perfumeriamaria.com\/wp-content\/uploads\/2026\/02\/perfume-imitacion-premium-unisex-100ml-perfumeria-maria-1500-100x100.jpg 100w, https:\/\/perfumeriamaria.com\/wp-content\/uploads\/2026\/02\/perfume-imitacion-premium-unisex-100ml-perfumeria-maria-1500-50x50.jpg 50w, https:\/\/perfumeriamaria.com\/wp-content\/uploads\/2026\/02\/perfume-imitacion-premium-unisex-100ml-perfumeria-maria-1500.jpg 1500w\" sizes=\"(max-width: 247px) 100vw, 247px\" title=\"\"><img decoding=\"async\" width=\"247\" height=\"247\" src=\"https:\/\/perfumeriamaria.com\/wp-content\/uploads\/2026\/02\/perfume-imitacion-premium-unisex-100ml-caja-perfumeria-maria-1500-247x247.jpg\" class=\"show-on-hover absolute fill hide-for-small back-image\" alt=\"perfume imitaci\u00f3n premium unisex 100ml perfumeria maria caja\" aria-hidden=\"true\" srcset=\"https:\/\/perfumeriamaria.com\/wp-content\/uploads\/2026\/02\/perfume-imitacion-premium-unisex-100ml-caja-perfumeria-maria-1500-247x247.jpg 247w, https:\/\/perfumeriamaria.com\/wp-content\/uploads\/2026\/02\/perfume-imitacion-premium-unisex-100ml-caja-perfumeria-maria-1500-12x12.jpg 12w, https:\/\/perfumeriamaria.com\/wp-content\/uploads\/2026\/02\/perfume-imitacion-premium-unisex-100ml-caja-perfumeria-maria-1500-510x510.jpg 510w, https:\/\/perfumeriamaria.com\/wp-content\/uploads\/2026\/02\/perfume-imitacion-premium-unisex-100ml-caja-perfumeria-maria-1500-100x100.jpg 100w, https:\/\/perfumeriamaria.com\/wp-content\/uploads\/2026\/02\/perfume-imitacion-premium-unisex-100ml-caja-perfumeria-maria-1500-50x50.jpg 50w, https:\/\/perfumeriamaria.com\/wp-content\/uploads\/2026\/02\/perfume-imitacion-premium-unisex-100ml-caja-perfumeria-maria-1500.jpg 1500w\" sizes=\"(max-width: 247px) 100vw, 247px\" title=\"\">\t\t\t\t<\/a>\n\t\t\t<\/div>\n\t\t\t<div class=\"image-tools is-small top right show-on-hover\">\n\t\t\t\t\t\t\t<\/div>\n\t\t\t<div class=\"image-tools is-small hide-for-small bottom left show-on-hover\">\n\t\t\t\t\t\t\t<\/div>\n\t\t\t<div class=\"image-tools grid-tools text-center hide-for-small bottom hover-slide-in show-on-hover\">\n\t\t\t\t\t\t\t<\/div>\n\t\t\t\t\t<\/div>\n\n\t\t<div class=\"box-text box-text-products text-center grid-style-2\">\n\t\t\t<span class=\"badge-nicho tienda\">Nicho<\/span><div class=\"title-wrapper\"><p class=\"name product-title woocommerce-loop-product__title\"><a href=\"https:\/\/perfumeriamaria.com\/pt\/produto\/perfume-similar-philosykos-diptyque\/\" class=\"woocommerce-LoopProduct-link woocommerce-loop-product__link\">PERFUME SIMILAR A PHILOSYKOS DIPTYQUE | #31065<\/a><\/p><\/div><div class=\"price-wrapper\"><div class=\"star-rating star-rating--inline\" role=\"img\" aria-label=\"Avalia\u00e7\u00e3o 5 de 5\"><span style=\"width:100%\">Avalia\u00e7\u00e3o <strong class=\"rating\">5<\/strong> de 5<\/span><\/div><span class=\"review-count is-small op-7\">(3 rese\u00f1as)<\/span>\n\t<span class=\"price\"><span class=\"woocommerce-Price-amount amount\" aria-hidden=\"true\"><bdi>3,00&nbsp;<span class=\"woocommerce-Price-currencySymbol\">&euro;<\/span><\/bdi><\/span> <span aria-hidden=\"true\">&ndash;<\/span> <span class=\"woocommerce-Price-amount amount\" aria-hidden=\"true\"><bdi>16,95&nbsp;<span class=\"woocommerce-Price-currencySymbol\">&euro;<\/span><\/bdi><\/span><span class=\"screen-reader-text\">Price range: 3,00&nbsp;&euro; through 16,95&nbsp;&euro;<\/span><\/span>\n<\/div>\t\t<\/div>\n\t<\/div>\n\t\t<\/div>\n<\/div><div class=\"product-small col has-hover product type-product post-542 status-publish instock product_cat-perfumes product_cat-perfumes-premium product_cat-perfumes-premium-unisex product_cat-unisex product_cat-premium-unisex product_tag-atraer product_tag-feromonas product_tag-ligar product_tag-seductor product_tag-sexo product_tag-unisex has-post-thumbnail taxable shipping-taxable purchasable product-type-variable has-default-attributes\">\n\t<div class=\"col-inner\">\n\t\n<div class=\"badge-container absolute left top z-1\">\n\n<\/div>\n\t<div class=\"product-small box \">\n\t\t<div class=\"box-image\">\n\t\t\t<div class=\"image-fade_in_back\">\n\t\t\t\t<a href=\"https:\/\/perfumeriamaria.com\/pt\/produto\/sexparfum-perfume-unisex-con-feromonas\/\">\n\t\t\t\t\t<img decoding=\"async\" width=\"247\" height=\"247\" src=\"https:\/\/perfumeriamaria.com\/wp-content\/uploads\/2022\/11\/frasco-perfume-premium-unisex-perfumeria-maria-murcia-2026-247x247.jpg\" class=\"attachment-woocommerce_thumbnail size-woocommerce_thumbnail\" alt=\"frasco perfume premium unisex perfumeria maria murcia 2026\" srcset=\"https:\/\/perfumeriamaria.com\/wp-content\/uploads\/2022\/11\/frasco-perfume-premium-unisex-perfumeria-maria-murcia-2026-247x247.jpg 247w, https:\/\/perfumeriamaria.com\/wp-content\/uploads\/2022\/11\/frasco-perfume-premium-unisex-perfumeria-maria-murcia-2026-100x100.jpg 100w, https:\/\/perfumeriamaria.com\/wp-content\/uploads\/2022\/11\/frasco-perfume-premium-unisex-perfumeria-maria-murcia-2026-50x50.jpg 50w, https:\/\/perfumeriamaria.com\/wp-content\/uploads\/2022\/11\/frasco-perfume-premium-unisex-perfumeria-maria-murcia-2026.jpg 510w\" sizes=\"(max-width: 247px) 100vw, 247px\" title=\"\"><img decoding=\"async\" width=\"247\" height=\"247\" src=\"https:\/\/perfumeriamaria.com\/wp-content\/uploads\/2026\/02\/perfume-imitacion-premium-unisex-100ml-caja-perfumeria-maria-1500-247x247.jpg\" class=\"show-on-hover absolute fill hide-for-small back-image\" alt=\"perfume imitaci\u00f3n premium unisex 100ml perfumeria maria caja\" aria-hidden=\"true\" srcset=\"https:\/\/perfumeriamaria.com\/wp-content\/uploads\/2026\/02\/perfume-imitacion-premium-unisex-100ml-caja-perfumeria-maria-1500-247x247.jpg 247w, https:\/\/perfumeriamaria.com\/wp-content\/uploads\/2026\/02\/perfume-imitacion-premium-unisex-100ml-caja-perfumeria-maria-1500-12x12.jpg 12w, https:\/\/perfumeriamaria.com\/wp-content\/uploads\/2026\/02\/perfume-imitacion-premium-unisex-100ml-caja-perfumeria-maria-1500-510x510.jpg 510w, https:\/\/perfumeriamaria.com\/wp-content\/uploads\/2026\/02\/perfume-imitacion-premium-unisex-100ml-caja-perfumeria-maria-1500-100x100.jpg 100w, https:\/\/perfumeriamaria.com\/wp-content\/uploads\/2026\/02\/perfume-imitacion-premium-unisex-100ml-caja-perfumeria-maria-1500-50x50.jpg 50w, https:\/\/perfumeriamaria.com\/wp-content\/uploads\/2026\/02\/perfume-imitacion-premium-unisex-100ml-caja-perfumeria-maria-1500.jpg 1500w\" sizes=\"(max-width: 247px) 100vw, 247px\" title=\"\">\t\t\t\t<\/a>\n\t\t\t<\/div>\n\t\t\t<div class=\"image-tools is-small top right show-on-hover\">\n\t\t\t\t\t\t\t<\/div>\n\t\t\t<div class=\"image-tools is-small hide-for-small bottom left show-on-hover\">\n\t\t\t\t\t\t\t<\/div>\n\t\t\t<div class=\"image-tools grid-tools text-center hide-for-small bottom hover-slide-in show-on-hover\">\n\t\t\t\t\t\t\t<\/div>\n\t\t\t\t\t<\/div>\n\n\t\t<div class=\"box-text box-text-products text-center grid-style-2\">\n\t\t\t<span class=\"badge-premium tienda\">Premium<\/span><div class=\"title-wrapper\"><p class=\"name product-title woocommerce-loop-product__title\"><a href=\"https:\/\/perfumeriamaria.com\/pt\/produto\/sexparfum-perfume-unisex-con-feromonas\/\" class=\"woocommerce-LoopProduct-link woocommerce-loop-product__link\">SEXPARFUM (PREMIUM) &#8211; UNISEX CON FEROMONAS<\/a><\/p><\/div><div class=\"price-wrapper\"><div class=\"star-rating star-rating--inline\" role=\"img\" aria-label=\"Avalia\u00e7\u00e3o 5 de 5\"><span style=\"width:100%\">Avalia\u00e7\u00e3o <strong class=\"rating\">5<\/strong> de 5<\/span><\/div><span class=\"review-count is-small op-7\">(1 rese\u00f1as)<\/span>\n\t<span class=\"price\"><span class=\"woocommerce-Price-amount amount\"><bdi>16,95&nbsp;<span class=\"woocommerce-Price-currencySymbol\">&euro;<\/span><\/bdi><\/span><\/span>\n<\/div>\t\t<\/div>\n\t<\/div>\n\t\t<\/div>\n<\/div><\/div>\n\n\n\t\t<\/div>\n\t\t\t\t\t<\/div>\n\n\t\n\n<\/div>\n","protected":false},"excerpt":{"rendered":"<p>Los mejores perfumes premium de imitaci\u00f3n unisex. Quedaras sorprendido con la duraci\u00f3n y calidad de nuestros perfumes de imitaci\u00f3n premium&#8230;<\/p>","protected":false},"author":320,"featured_media":89494,"parent":89614,"menu_order":0,"comment_status":"closed","ping_status":"closed","template":"page-blank.php","meta":{"footnotes":""},"class_list":["post-89632","page","type-page","status-publish","has-post-thumbnail","hentry"],"_links":{"self":[{"href":"https:\/\/perfumeriamaria.com\/pt\/wp-json\/wp\/v2\/pages\/89632","targetHints":{"allow":["GET"]}}],"collection":[{"href":"https:\/\/perfumeriamaria.com\/pt\/wp-json\/wp\/v2\/pages"}],"about":[{"href":"https:\/\/perfumeriamaria.com\/pt\/wp-json\/wp\/v2\/types\/page"}],"author":[{"embeddable":true,"href":"https:\/\/perfumeriamaria.com\/pt\/wp-json\/wp\/v2\/users\/320"}],"replies":[{"embeddable":true,"href":"https:\/\/perfumeriamaria.com\/pt\/wp-json\/wp\/v2\/comments?post=89632"}],"version-history":[{"count":0,"href":"https:\/\/perfumeriamaria.com\/pt\/wp-json\/wp\/v2\/pages\/89632\/revisions"}],"up":[{"embeddable":true,"href":"https:\/\/perfumeriamaria.com\/pt\/wp-json\/wp\/v2\/pages\/89614"}],"wp:featuredmedia":[{"embeddable":true,"href":"https:\/\/perfumeriamaria.com\/pt\/wp-json\/wp\/v2\/media\/89494"}],"wp:attachment":[{"href":"https:\/\/perfumeriamaria.com\/pt\/wp-json\/wp\/v2\/media?parent=89632"}],"curies":[{"name":"wp","href":"https:\/\/api.w.org\/{rel}","templated":true}]}}