{"id":88932,"date":"2019-09-01T12:16:00","date_gmt":"2019-09-01T11:16:00","guid":{"rendered":"https:\/\/perfumeriamaria.com\/?page_id=88932"},"modified":"2025-07-19T23:37:32","modified_gmt":"2025-07-19T22:37:32","slug":"valoraciones","status":"publish","type":"page","link":"https:\/\/perfumeriamaria.com\/pt\/valoraciones\/","title":{"rendered":"Classifica\u00e7\u00f5es"},"content":{"rendered":"<h2 style=\"text-align: center;\">Valoraciones recientes de Perfumer\u00eda Mar\u00eda | Murcia<\/h2>\n<p>Realice una <a href=\"https:\/\/www.google.com\/search?q=perfumeriamaria&amp;amp;rlz=1C1CHBF_esES893ES893&amp;amp;ei=blFyYaGrGouIlwTlhrvQBw&amp;amp;ved=0ahUKEwihmq3Yqd3zAhULxIUKHWXDDnoQ4dUDCA4&amp;amp;uact=5&amp;amp;oq=perfumeriamaria&amp;amp;gs_lcp=Cgdnd3Mtd2l6EAMyBAgAEAoyBAgAEAoyCgguEMcBEK8BEAoyCgguEMcBEK8BEAoyCgguEMcBEK8BEAoyCgguEMcBEK8BEAoyCgguEMcBEK8BEAoyCgguEMcBEK8BEAoyCgguEMcBEK8BEAoyBAgAEAo6BwgAEEcQsAM6CwgAEIAEELEDEIMBOggIABCABBCxAzoICAAQsQMQgwE6DgguEIAEELEDEMcBEKMCOgUILhCABDoOCC4QgAQQsQMQxwEQ0QM6BwguEEMQkwI6BAgAEEM6CAguEIAEELEDOgUIABCABDoLCC4QgAQQxwEQrwE6CggAELEDEIMBEEM6BwgAELEDEEM6BAguEEM6CgguEMcBEKMCEEM6CggAEIAEELEDEAo6BwgAEIAEEAo6BwgAELEDEAo6DQguEIAEEMcBEK8BEAo6EAguEIAEEMcBEK8BEAoQkwJKBAhBGABQ-dkBWO3mAWDq5wFoA3ACeACAAYsBiAGUC5IBBDExLjSYAQCgAQHIAQjAAQE&amp;amp;sclient=gws-wiz#\" target=\"_blank\" rel=\"noopener nofollow\">Rese\u00f1a en Google<\/a> y una valoraci\u00f3n en el producto que compro de nuestra web para ayudar a m\u00e1s gente. Todas las valoraciones ser\u00e1n recompensadas con puntos equivalentes a descuentos en sus proximas compras.<\/p>\n<h6 style=\"text-align: center;\">Gracias por su tiempo y ayuda.<\/h6>\n\n\n\n<div class=\"wp-block-columns is-layout-flex wp-container-core-columns-is-layout-9d6595d7 wp-block-columns-is-layout-flex\">\n<div class=\"wp-block-column is-layout-flow wp-block-column-is-layout-flow\">\n<div data-block-name=\"woocommerce\/all-reviews\" data-font-size=\"normal\" data-show-review-rating=\"false\" class=\"wp-block-woocommerce-all-reviews wc-block-all-reviews has-image has-name has-date has-content has-product-name has-normal-font-size\" data-image-type=\"product\" data-orderby=\"most-recent\" data-reviews-on-page-load=\"10\" data-reviews-on-load-more=\"10\" data-show-load-more=\"true\" data-show-orderby=\"true\"><\/div>\n<\/div>\n<\/div>","protected":false},"excerpt":{"rendered":"<p>Opini\u00f3n y valoraciones sobre PerfumeriaMaria<br \/>\nAqu\u00ed mostraremos todas las opiniones y valoraciones sobre los nuestros productos de Perfumeria Maria Murcia<\/p>","protected":false},"author":320,"featured_media":87768,"parent":0,"menu_order":0,"comment_status":"closed","ping_status":"closed","template":"","meta":{"footnotes":""},"class_list":["post-88932","page","type-page","status-publish","has-post-thumbnail","hentry"],"_links":{"self":[{"href":"https:\/\/perfumeriamaria.com\/pt\/wp-json\/wp\/v2\/pages\/88932","targetHints":{"allow":["GET"]}}],"collection":[{"href":"https:\/\/perfumeriamaria.com\/pt\/wp-json\/wp\/v2\/pages"}],"about":[{"href":"https:\/\/perfumeriamaria.com\/pt\/wp-json\/wp\/v2\/types\/page"}],"author":[{"embeddable":true,"href":"https:\/\/perfumeriamaria.com\/pt\/wp-json\/wp\/v2\/users\/320"}],"replies":[{"embeddable":true,"href":"https:\/\/perfumeriamaria.com\/pt\/wp-json\/wp\/v2\/comments?post=88932"}],"version-history":[{"count":0,"href":"https:\/\/perfumeriamaria.com\/pt\/wp-json\/wp\/v2\/pages\/88932\/revisions"}],"wp:featuredmedia":[{"embeddable":true,"href":"https:\/\/perfumeriamaria.com\/pt\/wp-json\/wp\/v2\/media\/87768"}],"wp:attachment":[{"href":"https:\/\/perfumeriamaria.com\/pt\/wp-json\/wp\/v2\/media?parent=88932"}],"curies":[{"name":"wp","href":"https:\/\/api.w.org\/{rel}","templated":true}]}}