{"id":88813,"date":"2026-01-29T18:46:52","date_gmt":"2026-01-29T17:46:52","guid":{"rendered":"https:\/\/perfumeriamaria.com\/?page_id=88813"},"modified":"2026-01-29T18:54:00","modified_gmt":"2026-01-29T17:54:00","slug":"reembolso-devoluciones","status":"publish","type":"page","link":"https:\/\/perfumeriamaria.com\/pt\/reembolso-devoluciones\/","title":{"rendered":"Pol\u00edtica de devoluciones y reembolsos"},"content":{"rendered":"<h1 class=\"wp-block-heading\">Pol\u00edtica de devolu\u00e7\u00e3o de Perfumaria Maria<\/h1>\n\n\n\n<h3 class=\"wp-block-heading\"><strong>Prazo de devolu\u00e7\u00e3o<\/strong><\/h3>\n\n\n\n<p>Aceitamos devolu\u00e7\u00f5es dentro de <strong>14 dias<\/strong> a partir da recep\u00e7\u00e3o do artigo.<\/p>\n\n\n\n<h3 class=\"wp-block-heading\"><strong>Custos de devolu\u00e7\u00e3o<\/strong><\/h3>\n\n\n\n<ul class=\"wp-block-list\">\n<li>Se o retorno se deve a um <strong>produto com defeito, quebrado ou enviados incorretamente<\/strong>, <strong>Perfumaria Maria assumir\u00e1 todos os gastos de devolu\u00e7\u00e3o<\/strong>.<\/li>\n\n\n\n<li>Se o retorno \u00e9 por <strong>mudan\u00e7a de opini\u00e3o, n\u00e3o gosta ou n\u00e3o quer<\/strong>, os <strong>custos de envio s\u00e3o a cargo do cliente<\/strong>.<\/li>\n<\/ul>\n\n\n\n<p><strong>Recolha de devolu\u00e7\u00f5es da empresa<\/strong><br>Se a devolu\u00e7\u00e3o deve gerir <strong>Perfumaria Maria<\/strong>o pacote ser\u00e1 recolhido <strong>em seu domic\u00edlio ou em um ponto de entrega nas proximidades<\/strong>, <strong>sem custo algum<\/strong> para o cliente.<\/p>\n\n\n\n<h3 class=\"wp-block-heading\"><strong>Condi\u00e7\u00f5es para a devolu\u00e7\u00e3o<\/strong><\/h3>\n\n\n\n<ul class=\"wp-block-list\">\n<li>O artigo deve ser devolvido <strong>sem usar<\/strong>, em <strong>perfeito estado<\/strong> e com sua <strong>embalagem original<\/strong>.<\/li>\n\n\n\n<li>Alguns produtos n\u00e3o s\u00e3o retorn\u00e1veis por motivos de higiene ou de seguran\u00e7a, como <strong>produtos abertos de sa\u00fade e cuidado pessoal<\/strong>.<\/li>\n<\/ul>\n\n\n\n<h3 class=\"wp-block-heading\"><strong>Reembolsos<\/strong><\/h3>\n\n\n\n<p>Uma vez recebido e analisado o produto, ser\u00e1 realizado o reembolso mediante o <strong>mesmo meio de pagamento utilizado na compra<\/strong>que , no prazo de <strong>7-14 dias \u00fateis<\/strong>.<\/p>\n\n\n\n<hr class=\"wp-block-separator has-alpha-channel-opacity\"\/>\n\n\n\n<h3 class=\"wp-block-heading\">Pol\u00edtica de devolu\u00e7\u00f5es da Perfumaria Maria (Portugal)<\/h3>\n\n\n\n<h3 class=\"wp-block-heading\">Prazo para devolu\u00e7\u00e3o<\/h3>\n\n\n\n<p>Aceitamos devolu\u00e7\u00f5es n\u00e3o prazo de 14 dias corridos a partir da rece\u00e7\u00e3o do artigo.<\/p>\n\n\n\n<h3 class=\"wp-block-heading\">Despesas de devolu\u00e7\u00e3o<\/h3>\n\n\n\n<p>Se a devolu\u00e7\u00e3o se dever a um produto defeituoso, partido ou enviados incorretamente, a Perfumaria Maria assumir\u00e1 todas as despesas de devolu\u00e7\u00e3o.<br>Se a devolu\u00e7\u00e3o for por mudan\u00e7a de opini\u00e3o, por n\u00e3o gostar de mim ou por j\u00e1 n\u00e3o querer ou artigo, os custos de envio ser\u00e3o suportados pelo cliente.<br>Recolha de devolu\u00e7\u00f5es pela empresa<br>Se a devolu\u00e7\u00e3o tiver de ser gerida pela Perfumaria Maria, a remessa ser\u00e1 recolhida na sua morada ou num ponto de entrega pr\u00f3ximo, sem qualquer custo para o cliente.<\/p>\n\n\n\n<h3 class=\"wp-block-heading\">Condi\u00e7\u00f5es para a devolu\u00e7\u00e3o<\/h3>\n\n\n\n<ul class=\"wp-block-list\">\n<li>Ou artigo deve ser devolvido sem uso, em perfeito estado e com a embalagem original.<\/li>\n\n\n\n<li>Alguns produtos n\u00e3o s\u00e3o pass\u00edveis de devolu\u00e7\u00e3o por motivos de higiene ou seguran\u00e7a, como produtos abertos de sa\u00fade e cuidados pessoais.<\/li>\n<\/ul>\n\n\n\n<h3 class=\"wp-block-heading\">Reembolsos<\/h3>\n\n\n\n<p>Ap\u00f3s a rece\u00e7\u00e3o e verifica\u00e7\u00e3o do produto, ou o reembolso ser\u00e1 efetuado atrav\u00e9s do mesmo m\u00e9todo de pagamento utilizado na compra, n\u00e3o prazo de 7 a 14 dias \u00fateis.<\/p>\n\n\n\n<hr class=\"wp-block-separator has-alpha-channel-opacity\"\/>","protected":false},"excerpt":{"rendered":"<p>Pol\u00edtica de devoluciones de Perfumer\u00eda Mar\u00eda.<br \/>\nAceptamos devoluciones dentro de 14 d\u00edas naturales desde la recepci\u00f3n del art\u00edculo.<\/p>","protected":false},"author":2,"featured_media":89950,"parent":0,"menu_order":0,"comment_status":"closed","ping_status":"closed","template":"","meta":{"footnotes":""},"class_list":["post-88813","page","type-page","status-publish","has-post-thumbnail","hentry"],"_links":{"self":[{"href":"https:\/\/perfumeriamaria.com\/pt\/wp-json\/wp\/v2\/pages\/88813","targetHints":{"allow":["GET"]}}],"collection":[{"href":"https:\/\/perfumeriamaria.com\/pt\/wp-json\/wp\/v2\/pages"}],"about":[{"href":"https:\/\/perfumeriamaria.com\/pt\/wp-json\/wp\/v2\/types\/page"}],"author":[{"embeddable":true,"href":"https:\/\/perfumeriamaria.com\/pt\/wp-json\/wp\/v2\/users\/2"}],"replies":[{"embeddable":true,"href":"https:\/\/perfumeriamaria.com\/pt\/wp-json\/wp\/v2\/comments?post=88813"}],"version-history":[{"count":9,"href":"https:\/\/perfumeriamaria.com\/pt\/wp-json\/wp\/v2\/pages\/88813\/revisions"}],"predecessor-version":[{"id":92039,"href":"https:\/\/perfumeriamaria.com\/pt\/wp-json\/wp\/v2\/pages\/88813\/revisions\/92039"}],"wp:featuredmedia":[{"embeddable":true,"href":"https:\/\/perfumeriamaria.com\/pt\/wp-json\/wp\/v2\/media\/89950"}],"wp:attachment":[{"href":"https:\/\/perfumeriamaria.com\/pt\/wp-json\/wp\/v2\/media?parent=88813"}],"curies":[{"name":"wp","href":"https:\/\/api.w.org\/{rel}","templated":true}]}}