{"id":87680,"date":"2019-12-21T07:23:00","date_gmt":"2019-12-21T06:23:00","guid":{"rendered":"https:\/\/perfumeriamaria.com\/?page_id=87680"},"modified":"2025-07-19T23:37:18","modified_gmt":"2025-07-19T22:37:18","slug":"venta-por-mayor","status":"publish","type":"page","link":"https:\/\/perfumeriamaria.com\/pt\/venta-por-mayor\/","title":{"rendered":"Venta por mayor"},"content":{"rendered":"<h2 class=\"wp-block-heading\" id=\"h-venta-al-por-mayor-perfumeriamaria\">VENTA AL POR MAYOR <strong>\u00a9PERFUMERIAMARIA<\/strong><\/h2>\n\n\n<p>Perfumes marca blanca a un precio mejor.<\/p>\n<p>Si quieres vender Perfumes de marca blanca tenemos buenas noticias para ti. Si quieres vender productos de perfumer\u00eda mar\u00eda yo te ense\u00f1o como hacerlo de forma muy sencilla desde casa disponemos de todo lo necesario para empezar a vender.&nbsp; \u00a1Pregunta sin compromiso!<\/p>\n<p><span style=\"color: #ed1c24;\"><strong>SIN PEDIDOS M\u00cdNIMOS<\/strong><\/span>.<\/p>\n\n\n<h5 class=\"wp-block-heading\" id=\"h-puedes-adquirir\">Puedes adquirir :<\/h5>\n\n\n\n<ul class=\"wp-block-list\">\n<li>Frasco Rellenables de cristal de 100 ml  o Cajas de 100 unidades m\u00e1s econ\u00f3micas<\/li>\n\n\n\n<li>Pulverizadores de alta calidad en varios colores<\/li>\n\n\n\n<li>Fragancias en formato de 500 ml y 1000 ml (Previo pedido a fabrica)<\/li>\n\n\n\n<li>Estuches gen\u00e9ricos (Pr\u00f3ximamente)<\/li>\n\n\n\n<li>Estuches personalizados (Sujeto a cantidad m\u00ednima y tiempo de fabricaci\u00f3n)<\/li>\n\n\n\n<li>Viales de muestra de 3 ml<\/li>\n\n\n\n<li>Pegatinas personalizadas , te la dise\u00f1amos nosotros si no la tienes t\u00fa <\/li>\n\n\n\n<li>Si te hace falta te <a href=\"https:\/\/gentekiwi.es\/contacto\" target=\"_blank\" rel=\"noreferrer noopener nofollow\">creamos una p\u00e1gina web<\/a> a trav\u00e9s de nuestro equipo inform\u00e1tico<\/li>\n\n\n\n<li>Consulta precios y ofertas<\/li>\n<\/ul>\n\n\n\n<figure class=\"wp-block-gallery has-nested-images columns-default is-cropped wp-block-gallery-2 is-layout-flex wp-block-gallery-is-layout-flex\">\n<figure class=\"wp-block-image size-large\"><img decoding=\"async\" width=\"1024\" height=\"1024\" data-id=\"88076\" src=\"https:\/\/perfumeriamaria.com\/wp-content\/uploads\/2021\/02\/Diseno-desokupa-Hombre-perfumeriamaria-1024x1024.jpg\" alt=\"\" class=\"wp-image-88076\" title=\"\" srcset=\"https:\/\/perfumeriamaria.com\/wp-content\/uploads\/2021\/02\/Diseno-desokupa-Hombre-perfumeriamaria-1024x1024.jpg 1024w, https:\/\/perfumeriamaria.com\/wp-content\/uploads\/2021\/02\/Diseno-desokupa-Hombre-perfumeriamaria-247x247.jpg 247w, https:\/\/perfumeriamaria.com\/wp-content\/uploads\/2021\/02\/Diseno-desokupa-Hombre-perfumeriamaria-100x100.jpg 100w, https:\/\/perfumeriamaria.com\/wp-content\/uploads\/2021\/02\/Diseno-desokupa-Hombre-perfumeriamaria-510x510.jpg 510w, https:\/\/perfumeriamaria.com\/wp-content\/uploads\/2021\/02\/Diseno-desokupa-Hombre-perfumeriamaria-300x300.jpg 300w, https:\/\/perfumeriamaria.com\/wp-content\/uploads\/2021\/02\/Diseno-desokupa-Hombre-perfumeriamaria-150x150.jpg 150w, https:\/\/perfumeriamaria.com\/wp-content\/uploads\/2021\/02\/Diseno-desokupa-Hombre-perfumeriamaria-768x768.jpg 768w, https:\/\/perfumeriamaria.com\/wp-content\/uploads\/2021\/02\/Diseno-desokupa-Hombre-perfumeriamaria-1536x1536.jpg 1536w, https:\/\/perfumeriamaria.com\/wp-content\/uploads\/2021\/02\/Diseno-desokupa-Hombre-perfumeriamaria.jpg 1600w\" sizes=\"(max-width: 1024px) 100vw, 1024px\" \/><\/figure>\n\n\n\n<figure class=\"wp-block-image size-large\"><img decoding=\"async\" width=\"1024\" height=\"1024\" data-id=\"88077\" src=\"https:\/\/perfumeriamaria.com\/wp-content\/uploads\/2021\/02\/Diseno-desokupa-Mujer-perfumeriamaria-1024x1024.jpg\" alt=\"\" class=\"wp-image-88077\" title=\"\" srcset=\"https:\/\/perfumeriamaria.com\/wp-content\/uploads\/2021\/02\/Diseno-desokupa-Mujer-perfumeriamaria-1024x1024.jpg 1024w, https:\/\/perfumeriamaria.com\/wp-content\/uploads\/2021\/02\/Diseno-desokupa-Mujer-perfumeriamaria-247x247.jpg 247w, https:\/\/perfumeriamaria.com\/wp-content\/uploads\/2021\/02\/Diseno-desokupa-Mujer-perfumeriamaria-100x100.jpg 100w, https:\/\/perfumeriamaria.com\/wp-content\/uploads\/2021\/02\/Diseno-desokupa-Mujer-perfumeriamaria-510x510.jpg 510w, https:\/\/perfumeriamaria.com\/wp-content\/uploads\/2021\/02\/Diseno-desokupa-Mujer-perfumeriamaria-300x300.jpg 300w, https:\/\/perfumeriamaria.com\/wp-content\/uploads\/2021\/02\/Diseno-desokupa-Mujer-perfumeriamaria-150x150.jpg 150w, https:\/\/perfumeriamaria.com\/wp-content\/uploads\/2021\/02\/Diseno-desokupa-Mujer-perfumeriamaria-768x768.jpg 768w, https:\/\/perfumeriamaria.com\/wp-content\/uploads\/2021\/02\/Diseno-desokupa-Mujer-perfumeriamaria-1536x1536.jpg 1536w, https:\/\/perfumeriamaria.com\/wp-content\/uploads\/2021\/02\/Diseno-desokupa-Mujer-perfumeriamaria.jpg 1600w\" sizes=\"(max-width: 1024px) 100vw, 1024px\" \/><\/figure>\n\n\n\n<figure class=\"wp-block-image size-large\"><img decoding=\"async\" width=\"1024\" height=\"1024\" data-id=\"88078\" src=\"https:\/\/perfumeriamaria.com\/wp-content\/uploads\/2021\/02\/nacional-hombre-fondo-1024x1024.jpg\" alt=\"\" class=\"wp-image-88078\" title=\"\" srcset=\"https:\/\/perfumeriamaria.com\/wp-content\/uploads\/2021\/02\/nacional-hombre-fondo-1024x1024.jpg 1024w, https:\/\/perfumeriamaria.com\/wp-content\/uploads\/2021\/02\/nacional-hombre-fondo-247x247.jpg 247w, https:\/\/perfumeriamaria.com\/wp-content\/uploads\/2021\/02\/nacional-hombre-fondo-100x100.jpg 100w, https:\/\/perfumeriamaria.com\/wp-content\/uploads\/2021\/02\/nacional-hombre-fondo-510x510.jpg 510w, https:\/\/perfumeriamaria.com\/wp-content\/uploads\/2021\/02\/nacional-hombre-fondo-300x300.jpg 300w, https:\/\/perfumeriamaria.com\/wp-content\/uploads\/2021\/02\/nacional-hombre-fondo-150x150.jpg 150w, https:\/\/perfumeriamaria.com\/wp-content\/uploads\/2021\/02\/nacional-hombre-fondo-768x768.jpg 768w, https:\/\/perfumeriamaria.com\/wp-content\/uploads\/2021\/02\/nacional-hombre-fondo-1536x1536.jpg 1536w, https:\/\/perfumeriamaria.com\/wp-content\/uploads\/2021\/02\/nacional-hombre-fondo.jpg 1600w\" sizes=\"(max-width: 1024px) 100vw, 1024px\" \/><\/figure>\n\n\n\n<figure class=\"wp-block-image size-large\"><img decoding=\"async\" width=\"1024\" height=\"1024\" data-id=\"88079\" src=\"https:\/\/perfumeriamaria.com\/wp-content\/uploads\/2021\/02\/nacional-mujer-fondo-1024x1024.jpg\" alt=\"\" class=\"wp-image-88079\" title=\"\" srcset=\"https:\/\/perfumeriamaria.com\/wp-content\/uploads\/2021\/02\/nacional-mujer-fondo-1024x1024.jpg 1024w, https:\/\/perfumeriamaria.com\/wp-content\/uploads\/2021\/02\/nacional-mujer-fondo-247x247.jpg 247w, https:\/\/perfumeriamaria.com\/wp-content\/uploads\/2021\/02\/nacional-mujer-fondo-100x100.jpg 100w, https:\/\/perfumeriamaria.com\/wp-content\/uploads\/2021\/02\/nacional-mujer-fondo-510x510.jpg 510w, https:\/\/perfumeriamaria.com\/wp-content\/uploads\/2021\/02\/nacional-mujer-fondo-300x300.jpg 300w, https:\/\/perfumeriamaria.com\/wp-content\/uploads\/2021\/02\/nacional-mujer-fondo-150x150.jpg 150w, https:\/\/perfumeriamaria.com\/wp-content\/uploads\/2021\/02\/nacional-mujer-fondo-768x768.jpg 768w, https:\/\/perfumeriamaria.com\/wp-content\/uploads\/2021\/02\/nacional-mujer-fondo-1536x1536.jpg 1536w, https:\/\/perfumeriamaria.com\/wp-content\/uploads\/2021\/02\/nacional-mujer-fondo.jpg 1600w\" sizes=\"(max-width: 1024px) 100vw, 1024px\" \/><\/figure>\n\n\n\n<figure class=\"wp-block-image size-large\"><img decoding=\"async\" width=\"1024\" height=\"1024\" data-id=\"88080\" src=\"https:\/\/perfumeriamaria.com\/wp-content\/uploads\/2021\/02\/civil-hombre-fondo-1024x1024.jpg\" alt=\"\" class=\"wp-image-88080\" title=\"\" srcset=\"https:\/\/perfumeriamaria.com\/wp-content\/uploads\/2021\/02\/civil-hombre-fondo-1024x1024.jpg 1024w, https:\/\/perfumeriamaria.com\/wp-content\/uploads\/2021\/02\/civil-hombre-fondo-247x247.jpg 247w, https:\/\/perfumeriamaria.com\/wp-content\/uploads\/2021\/02\/civil-hombre-fondo-100x100.jpg 100w, https:\/\/perfumeriamaria.com\/wp-content\/uploads\/2021\/02\/civil-hombre-fondo-510x510.jpg 510w, https:\/\/perfumeriamaria.com\/wp-content\/uploads\/2021\/02\/civil-hombre-fondo-300x300.jpg 300w, https:\/\/perfumeriamaria.com\/wp-content\/uploads\/2021\/02\/civil-hombre-fondo-150x150.jpg 150w, https:\/\/perfumeriamaria.com\/wp-content\/uploads\/2021\/02\/civil-hombre-fondo-768x768.jpg 768w, https:\/\/perfumeriamaria.com\/wp-content\/uploads\/2021\/02\/civil-hombre-fondo-1536x1536.jpg 1536w, https:\/\/perfumeriamaria.com\/wp-content\/uploads\/2021\/02\/civil-hombre-fondo.jpg 1600w\" sizes=\"(max-width: 1024px) 100vw, 1024px\" \/><\/figure>\n\n\n\n<figure class=\"wp-block-image size-large\"><img decoding=\"async\" width=\"1024\" height=\"1024\" data-id=\"88081\" src=\"https:\/\/perfumeriamaria.com\/wp-content\/uploads\/2021\/02\/civil-mujer-fondo-1024x1024.jpg\" alt=\"\" class=\"wp-image-88081\" title=\"\" srcset=\"https:\/\/perfumeriamaria.com\/wp-content\/uploads\/2021\/02\/civil-mujer-fondo-1024x1024.jpg 1024w, https:\/\/perfumeriamaria.com\/wp-content\/uploads\/2021\/02\/civil-mujer-fondo-247x247.jpg 247w, https:\/\/perfumeriamaria.com\/wp-content\/uploads\/2021\/02\/civil-mujer-fondo-100x100.jpg 100w, https:\/\/perfumeriamaria.com\/wp-content\/uploads\/2021\/02\/civil-mujer-fondo-510x510.jpg 510w, https:\/\/perfumeriamaria.com\/wp-content\/uploads\/2021\/02\/civil-mujer-fondo-300x300.jpg 300w, https:\/\/perfumeriamaria.com\/wp-content\/uploads\/2021\/02\/civil-mujer-fondo-150x150.jpg 150w, https:\/\/perfumeriamaria.com\/wp-content\/uploads\/2021\/02\/civil-mujer-fondo-768x768.jpg 768w, https:\/\/perfumeriamaria.com\/wp-content\/uploads\/2021\/02\/civil-mujer-fondo-1536x1536.jpg 1536w, https:\/\/perfumeriamaria.com\/wp-content\/uploads\/2021\/02\/civil-mujer-fondo.jpg 1600w\" sizes=\"(max-width: 1024px) 100vw, 1024px\" \/><\/figure>\n\n\n\n<figure class=\"wp-block-image size-large\"><img decoding=\"async\" width=\"1024\" height=\"1024\" data-id=\"88082\" src=\"https:\/\/perfumeriamaria.com\/wp-content\/uploads\/2021\/02\/Diseno-Gentekiwi-Hombre-perfumeriamaria-1024x1024.jpg\" alt=\"\" class=\"wp-image-88082\" title=\"\" srcset=\"https:\/\/perfumeriamaria.com\/wp-content\/uploads\/2021\/02\/Diseno-Gentekiwi-Hombre-perfumeriamaria-1024x1024.jpg 1024w, https:\/\/perfumeriamaria.com\/wp-content\/uploads\/2021\/02\/Diseno-Gentekiwi-Hombre-perfumeriamaria-247x247.jpg 247w, https:\/\/perfumeriamaria.com\/wp-content\/uploads\/2021\/02\/Diseno-Gentekiwi-Hombre-perfumeriamaria-100x100.jpg 100w, https:\/\/perfumeriamaria.com\/wp-content\/uploads\/2021\/02\/Diseno-Gentekiwi-Hombre-perfumeriamaria-510x510.jpg 510w, https:\/\/perfumeriamaria.com\/wp-content\/uploads\/2021\/02\/Diseno-Gentekiwi-Hombre-perfumeriamaria-300x300.jpg 300w, https:\/\/perfumeriamaria.com\/wp-content\/uploads\/2021\/02\/Diseno-Gentekiwi-Hombre-perfumeriamaria-150x150.jpg 150w, https:\/\/perfumeriamaria.com\/wp-content\/uploads\/2021\/02\/Diseno-Gentekiwi-Hombre-perfumeriamaria-768x768.jpg 768w, https:\/\/perfumeriamaria.com\/wp-content\/uploads\/2021\/02\/Diseno-Gentekiwi-Hombre-perfumeriamaria-1536x1536.jpg 1536w, https:\/\/perfumeriamaria.com\/wp-content\/uploads\/2021\/02\/Diseno-Gentekiwi-Hombre-perfumeriamaria.jpg 1600w\" sizes=\"(max-width: 1024px) 100vw, 1024px\" \/><\/figure>\n\n\n\n<figure class=\"wp-block-image size-large\"><img decoding=\"async\" width=\"1024\" height=\"1024\" data-id=\"88083\" src=\"https:\/\/perfumeriamaria.com\/wp-content\/uploads\/2021\/02\/Diseno-Gentekiw-Mujer-perfumeriamaria-1024x1024.jpg\" alt=\"\" class=\"wp-image-88083\" title=\"\" srcset=\"https:\/\/perfumeriamaria.com\/wp-content\/uploads\/2021\/02\/Diseno-Gentekiw-Mujer-perfumeriamaria-1024x1024.jpg 1024w, https:\/\/perfumeriamaria.com\/wp-content\/uploads\/2021\/02\/Diseno-Gentekiw-Mujer-perfumeriamaria-247x247.jpg 247w, https:\/\/perfumeriamaria.com\/wp-content\/uploads\/2021\/02\/Diseno-Gentekiw-Mujer-perfumeriamaria-100x100.jpg 100w, https:\/\/perfumeriamaria.com\/wp-content\/uploads\/2021\/02\/Diseno-Gentekiw-Mujer-perfumeriamaria-510x510.jpg 510w, https:\/\/perfumeriamaria.com\/wp-content\/uploads\/2021\/02\/Diseno-Gentekiw-Mujer-perfumeriamaria-300x300.jpg 300w, https:\/\/perfumeriamaria.com\/wp-content\/uploads\/2021\/02\/Diseno-Gentekiw-Mujer-perfumeriamaria-150x150.jpg 150w, https:\/\/perfumeriamaria.com\/wp-content\/uploads\/2021\/02\/Diseno-Gentekiw-Mujer-perfumeriamaria-768x768.jpg 768w, https:\/\/perfumeriamaria.com\/wp-content\/uploads\/2021\/02\/Diseno-Gentekiw-Mujer-perfumeriamaria-1536x1536.jpg 1536w, https:\/\/perfumeriamaria.com\/wp-content\/uploads\/2021\/02\/Diseno-Gentekiw-Mujer-perfumeriamaria.jpg 1600w\" sizes=\"(max-width: 1024px) 100vw, 1024px\" \/><\/figure>\n<\/figure>\n\n\n\n<div style=\"height:20px\" aria-hidden=\"true\" class=\"wp-block-spacer\"><\/div>\n\n\n<p><strong>El pedido se realizar\u00e1 por <a href=\"https:\/\/perfumeriamaria.com\/pt\/contacto\/\" target=\"_blank\" rel=\"noopener\">contacto<\/a> directo<\/strong> , teniendo en cuenta que los plazos de entrega desde que se efect\u00faa el pago oscilan entre <span style=\"color: #ed1c24;\">15 y 20 d\u00edas<\/span> en caso de encontrarse SIN STOCK , debido a que hay que pedirlo al laboratorio, el perfume se encuentra macerando cuando es solicitado ,por lo que su fecha de caducidad empezar\u00e1 a contar en el momento que se interrumpe dicho proceso de emaceraci\u00f3n para ser embotellado , siendo \u00e9sta de 3 a\u00f1os .<\/p>\n\n\n<p>Los gastos de env\u00edo son de 9 \u20ac excepto para compras superiores a 200 \u20ac que ser\u00eda gratis. <\/p>\n\n\n<p>Si no conoces nuestros productos te recomendamos que pidas <a href=\"https:\/\/perfumeriamaria.com\/pt\/?s=muestra&amp;post_type=product\" target=\"_blank\" rel=\"noopener\">muestras<\/a> de la referencia en que est\u00e9s interesado ya que <strong><span style=\"color: #ed1c24;\">NO SE PUEDEN DEVOLVER<\/span><\/strong> por motivos de higiene y seguridad , de esta manera te aseguras que tu compra sea la esperada. Aseg\u00farate de que la direcci\u00f3n de env\u00edo est\u00e1 correcta , en caso de devoluci\u00f3n por error en una direcci\u00f3n se volver\u00e1 a efectuar un nuevo env\u00edo 9\u20ac a cargo del comprador siempre que el error fuera causa de \u00e9ste. En caso de que el paquete llegue roto , se hubiera enviado una referencia distinta a la que usted solicit\u00f3 se podr\u00e1 efectuar una devoluci\u00f3n por cuenta nuestra siempre que se avise en las primeras 24 horas desde la recepci\u00f3n y se aporten fotos de lo sucedido .<\/p>\n\n\n<h6 class=\"wp-block-heading\" id=\"h-gracias-por-interesarte-por-nuestra-marca\">Gracias por interesarte por nuestra marca.<\/h6>\n\n\n\n<div class=\"wp-block-contact-form-7-contact-form-selector\">\n<div class=\"wpcf7 no-js\" id=\"wpcf7-f1004-o1\" lang=\"es-ES\" dir=\"ltr\" data-wpcf7-id=\"1004\">\n<div class=\"screen-reader-response\"><p role=\"status\" aria-live=\"polite\" aria-atomic=\"true\"><\/p> <ul><\/ul><\/div>\n<form action=\"\/pt\/wp-json\/wp\/v2\/pages\/87680#wpcf7-f1004-o1\" method=\"post\" class=\"wpcf7-form init\" aria-label=\"Formulario de contacto\" novalidate=\"novalidate\" data-status=\"init\" data-trp-original-action=\"\/pt\/wp-json\/wp\/v2\/pages\/87680#wpcf7-f1004-o1\">\n<fieldset class=\"hidden-fields-container\"><input type=\"hidden\" name=\"_wpcf7\" value=\"1004\" \/><input type=\"hidden\" name=\"_wpcf7_version\" value=\"6.1.5\" \/><input type=\"hidden\" name=\"_wpcf7_locale\" value=\"es_ES\" \/><input type=\"hidden\" name=\"_wpcf7_unit_tag\" value=\"wpcf7-f1004-o1\" \/><input type=\"hidden\" name=\"_wpcf7_container_post\" value=\"0\" \/><input type=\"hidden\" name=\"_wpcf7_posted_data_hash\" value=\"\" \/><input type=\"hidden\" name=\"_wpcf7_recaptcha_response\" value=\"\" \/>\n<\/fieldset>\n<p><label>Nome (*):<\/label><span class=\"wpcf7-form-control-wrap\" data-name=\"your-name\"><input size=\"40\" maxlength=\"400\" class=\"wpcf7-form-control wpcf7-text wpcf7-validates-as-required\" aria-required=\"true\" aria-invalid=\"false\" placeholder=\"Seu Nome\" value=\"\" type=\"text\" name=\"your-name\" \/><\/span><br \/>\n<label>E-mail (*):<\/label><span class=\"wpcf7-form-control-wrap\" data-name=\"your-email\"><input size=\"40\" maxlength=\"400\" class=\"wpcf7-form-control wpcf7-email wpcf7-validates-as-required wpcf7-text wpcf7-validates-as-email\" aria-required=\"true\" aria-invalid=\"false\" placeholder=\"Seu Email\" value=\"\" type=\"email\" name=\"your-email\" \/><\/span><br \/>\n<label>Telefone:<\/label><span class=\"wpcf7-form-control-wrap\" data-name=\"Telefono\"><input size=\"40\" maxlength=\"400\" class=\"wpcf7-form-control wpcf7-tel wpcf7-text wpcf7-validates-as-tel\" aria-invalid=\"false\" placeholder=\"Telefone de contato\" value=\"\" type=\"tel\" name=\"Telefono\" \/><\/span><br \/>\n<label>Sua mensagem (*): <span class=\"wpcf7-form-control-wrap\" data-name=\"your-message\"><textarea cols=\"40\" rows=\"10\" maxlength=\"2000\" class=\"wpcf7-form-control wpcf7-textarea wpcf7-validates-as-required\" aria-required=\"true\" aria-invalid=\"false\" placeholder=\"Diga-nos brevemente o que voc\u00ea precisa ...\" name=\"your-message\"><\/textarea><\/span><\/label>\n<\/p>\n<p><label><input class=\"wpcf7-form-control wpcf7-submit has-spinner button\" id=\"form-submit\" type=\"submit\" value=\"Enviar\" \/><\/label><br \/>\n<small>Este site est\u00e1 protegido por sites e Google<br \/>\n<a href=\"https:\/\/policies.google.com\/privacy\" target=\"_blank\" rel=\"nofollow noopener\">Pol\u00edtica de privacidade<\/a><br \/>\n<\/small>\n<\/p><div class=\"wpcf7-response-output\" aria-hidden=\"true\"><\/div>\n<input type=\"hidden\" name=\"trp-form-language\" value=\"pt\"\/><\/form>\n<\/div>\n<\/div>\n\n\n\n<p><\/p>","protected":false},"excerpt":{"rendered":"<p>Perfumes de imitaci\u00f3n Si quieres vender productos de perfumer\u00eda mar\u00eda yo te ense\u00f1o como hacerlo de forma muy sencilla desde casa disponemos de todo lo necesario para empezar a vender.<\/p>","protected":false},"author":320,"featured_media":87827,"parent":0,"menu_order":0,"comment_status":"closed","ping_status":"closed","template":"","meta":{"footnotes":""},"class_list":["post-87680","page","type-page","status-publish","has-post-thumbnail","hentry"],"_links":{"self":[{"href":"https:\/\/perfumeriamaria.com\/pt\/wp-json\/wp\/v2\/pages\/87680","targetHints":{"allow":["GET"]}}],"collection":[{"href":"https:\/\/perfumeriamaria.com\/pt\/wp-json\/wp\/v2\/pages"}],"about":[{"href":"https:\/\/perfumeriamaria.com\/pt\/wp-json\/wp\/v2\/types\/page"}],"author":[{"embeddable":true,"href":"https:\/\/perfumeriamaria.com\/pt\/wp-json\/wp\/v2\/users\/320"}],"replies":[{"embeddable":true,"href":"https:\/\/perfumeriamaria.com\/pt\/wp-json\/wp\/v2\/comments?post=87680"}],"version-history":[{"count":0,"href":"https:\/\/perfumeriamaria.com\/pt\/wp-json\/wp\/v2\/pages\/87680\/revisions"}],"wp:featuredmedia":[{"embeddable":true,"href":"https:\/\/perfumeriamaria.com\/pt\/wp-json\/wp\/v2\/media\/87827"}],"wp:attachment":[{"href":"https:\/\/perfumeriamaria.com\/pt\/wp-json\/wp\/v2\/media?parent=87680"}],"curies":[{"name":"wp","href":"https:\/\/api.w.org\/{rel}","templated":true}]}}