{"id":86409,"date":"2020-07-01T09:23:00","date_gmt":"2020-07-01T08:23:00","guid":{"rendered":"https:\/\/perfumeriamaria.com\/?page_id=86409"},"modified":"2025-11-26T19:00:30","modified_gmt":"2025-11-26T18:00:30","slug":"catalogo","status":"publish","type":"page","link":"https:\/\/perfumeriamaria.com\/pt\/catalogo\/","title":{"rendered":"Cat\u00e1logo"},"content":{"rendered":"<div class=\"row align-middle align-center\"  id=\"row-1515128472\">\n\n\n\t<div id=\"col-1633426978\" class=\"col small-12 large-12\"  >\n\t\t\t\t<div class=\"col-inner\"  >\n\t\t\t\n\t\t\t\n\n<div class=\"container section-title-container\" ><h1 class=\"section-title section-title-center\"><b aria-hidden=\"true\"><\/b><span class=\"section-title-main\" style=\"font-size:73%;\">Cat\u00e1logo de Perfumes de Equivalencia | Perfumer\u00eda Mar\u00eda<\/span><b aria-hidden=\"true\"><\/b><\/h1><\/div>\n\n<p data-start=\"377\" data-end=\"720\">Descubre el <strong data-start=\"389\" data-end=\"449\">cat\u00e1logo de perfumes de equivalencia de Perfumer\u00eda Mar\u00eda<\/strong>, donde encontrar\u00e1s fragancias inspiradas en las marcas m\u00e1s exclusivas a un precio accesible. Nuestros <strong data-start=\"552\" data-end=\"580\">perfumes de equival\u00eancia<\/strong> est\u00e1n elaborados con esencias de alta calidad que garantizan una excelente duraci\u00f3n, m\u00e1xima concentraci\u00f3n y una experiencia olfativa \u00fanica.<\/p>\n<h3 data-start=\"722\" data-end=\"770\"><strong data-start=\"726\" data-end=\"770\">Perfumes de Equivalencia de Alta Calidad<\/strong><\/h3>\n<p data-start=\"771\" data-end=\"1058\">En Perfumer\u00eda Mar\u00eda seleccionamos cuidadosamente cada aroma para ofrecerte <strong data-start=\"846\" data-end=\"871\">perfumes equivalentes, perfumes \u00e1rabes, perfumes nicho,<\/strong>&nbsp;que se asemejan a tus fragancias favoritas de dise\u00f1ador. Si buscas <strong data-start=\"939\" data-end=\"959\">perfumes baratos<\/strong>, duraderos y con una gran proyecci\u00f3n, aqu\u00ed encontrar\u00e1s la mejor opci\u00f3n sin renunciar a la calidad.<\/p>\n<h3 data-start=\"1060\" data-end=\"1097\"><strong data-start=\"1064\" data-end=\"1097\">Amplio Cat\u00e1logo de Fragancias<\/strong><\/h3>\n<p data-start=\"1098\" data-end=\"1439\">Nuestro <strong data-start=\"1106\" data-end=\"1146\">cat\u00e1logo de perfumes de equivalencia<\/strong> incluye opciones para mujer, hombre y unisex. Desde aromas florales y dulces hasta fragancias frescas, orientales y amaderadas, tenemos el perfume perfecto para cada estilo y personalidad. Encuentra tus equivalentes de marcas reconocidas y disfruta de una fragancia premium a precio low cost.<\/p>\n<h3 data-start=\"1441\" data-end=\"1488\"><strong data-start=\"1445\" data-end=\"1488\">Ventajas de Comprar en Perfumer\u00eda Mar\u00eda<\/strong><\/h3>\n<ul data-start=\"1489\" data-end=\"1663\">\n<li data-start=\"1489\" data-end=\"1535\">\n<p data-start=\"1491\" data-end=\"1535\">Perfumes de equivalencia con alta fijaci\u00f3n<\/p>\n<\/li>\n<li data-start=\"1536\" data-end=\"1577\">\n<p data-start=\"1538\" data-end=\"1577\">Aromas inspirados en marcas conocidas<\/p>\n<\/li>\n<li data-start=\"1578\" data-end=\"1600\">\n<p data-start=\"1580\" data-end=\"1600\">Precios econ\u00f3micos<\/p>\n<\/li>\n<li data-start=\"1601\" data-end=\"1634\">\n<p data-start=\"1603\" data-end=\"1634\">Amplia variedad de fragancias<\/p>\n<\/li>\n<li data-start=\"1635\" data-end=\"1663\">\n<p data-start=\"1637\" data-end=\"1663\">Env\u00edos r\u00e1pidos y seguros<\/p>\n<\/li>\n<\/ul>\n<h3 data-start=\"1665\" data-end=\"1717\"><strong data-start=\"1669\" data-end=\"1717\">Perfumes de Equivalencia para Mujer y Hombre<\/strong><\/h3>\n<p data-start=\"1718\" data-end=\"1949\">Explora nuestras categor\u00edas y elige entre los perfumes m\u00e1s vendidos. Perfumer\u00eda Mar\u00eda es tu tienda de confianza para comprar <strong data-start=\"1843\" data-end=\"1875\">perfumes equivalentes online<\/strong>, con descripciones detalladas para ayudarte a seleccionar el aroma ideal.<\/p>\n<h3 data-start=\"1951\" data-end=\"1999\"><strong data-start=\"1955\" data-end=\"1999\">Compra Online Tu Perfume de Equivalencia<\/strong><\/h3>\n<p data-start=\"2000\" data-end=\"2174\">Se voc\u00ea procura <strong data-start=\"2010\" data-end=\"2033\">perfumes econ\u00f3micos<\/strong>, de calidad y con excelente rendimiento, Perfumer\u00eda Mar\u00eda es tu mejor alternativa. Haz tu pedido hoy y recibe tu fragancia favorita en casa.<\/p>\n\n  \n    <div class=\"row large-columns-3 medium-columns-3 small-columns-1 row-small\" >\n  <div class=\"product-category col\" >\n            <div class=\"col-inner\">\n              <a aria-label=\"Visit product category M\u00e1s Vendidos\" href=\"https:\/\/perfumeriamaria.com\/pt\/mas-vendidos\/\" data-no-translation-aria-label=\"\">                <div class=\"box box-category has-hover box-badge hover-dark\">\n                <div class=\"box-image\" >\n                  <div class=\"\" >\n                  <img decoding=\"async\" src=\"https:\/\/perfumeriamaria.com\/wp-content\/uploads\/2025\/11\/mas-vendidos-perfumeria-maria-murcia-247x247.jpg\" alt=\"M\u00e1s Vendidos\" width=\"300\" height=\"300\" title=\"\">                                                      <\/div>\n                <\/div>\n                <div class=\"box-text text-center\" >\n                  <div class=\"box-text-inner\">\n                      <h5 class=\"uppercase header-title\">\n                              Mais Vendidos                      <\/h5>\n                                            <p class=\"is-xsmall uppercase count\">\n\t                      4 Produtos                      <\/p>\n                                            \n                  <\/div>\n                <\/div>\n                <\/div>\n            <\/a>            <\/div>\n            <\/div><div class=\"product-category col\" >\n            <div class=\"col-inner\">\n              <a aria-label=\"Visit product category Perfumes\" href=\"https:\/\/perfumeriamaria.com\/pt\/perfumes\/\" data-no-translation-aria-label=\"\">                <div class=\"box box-category has-hover box-badge hover-dark\">\n                <div class=\"box-image\" >\n                  <div class=\"\" >\n                  <img decoding=\"async\" src=\"https:\/\/perfumeriamaria.com\/wp-content\/uploads\/2019\/05\/fragancias-verano-perfumeriamaria-247x247.jpg\" alt=\"Perfumes\" width=\"300\" height=\"300\" title=\"\">                                                      <\/div>\n                <\/div>\n                <div class=\"box-text text-center\" >\n                  <div class=\"box-text-inner\">\n                      <h5 class=\"uppercase header-title\">\n                              Perfumes                      <\/h5>\n                                            <p class=\"is-xsmall uppercase count\">\n\t                      116 Produtos                      <\/p>\n                                            \n                  <\/div>\n                <\/div>\n                <\/div>\n            <\/a>            <\/div>\n            <\/div><div class=\"product-category col\" >\n            <div class=\"col-inner\">\n              <a aria-label=\"Visit product category Perfumes por Signo del Zodiaco\" href=\"https:\/\/perfumeriamaria.com\/pt\/perfumes-por-signo-del-zodiaco\/\" data-no-translation-aria-label=\"\">                <div class=\"box box-category has-hover box-badge hover-dark\">\n                <div class=\"box-image\" >\n                  <div class=\"\" >\n                  <img decoding=\"async\" src=\"https:\/\/perfumeriamaria.com\/wp-content\/uploads\/2026\/01\/categoria-signos-del-zodiaco-perfumes-imitacion-perfumeria-maria-2026-247x247.jpg\" alt=\"Perfumes por Signo del Zodiaco\" width=\"300\" height=\"300\" title=\"\">                                                      <\/div>\n                <\/div>\n                <div class=\"box-text text-center\" >\n                  <div class=\"box-text-inner\">\n                      <h5 class=\"uppercase header-title\">\n                              Perfumes por Signo do Zod\u00edaco                      <\/h5>\n                                            <p class=\"is-xsmall uppercase count\">\n\t                      4 Produtos                      <\/p>\n                                            \n                  <\/div>\n                <\/div>\n                <\/div>\n            <\/a>            <\/div>\n            <\/div><div class=\"product-category col\" >\n            <div class=\"col-inner\">\n              <a aria-label=\"Visit product category Familia Olfativa\" href=\"https:\/\/perfumeriamaria.com\/pt\/familias-olfativas\/\" data-no-translation-aria-label=\"\">                <div class=\"box box-category has-hover box-badge hover-dark\">\n                <div class=\"box-image\" >\n                  <div class=\"\" >\n                  <img decoding=\"async\" src=\"https:\/\/perfumeriamaria.com\/wp-content\/uploads\/2025\/06\/laboratorio-perfumeria-maria-247x247.png\" alt=\"Familia Olfativa\" width=\"300\" height=\"300\" title=\"\">                                                      <\/div>\n                <\/div>\n                <div class=\"box-text text-center\" >\n                  <div class=\"box-text-inner\">\n                      <h5 class=\"uppercase header-title\">\n                              Fam\u00edlia Olfativa                      <\/h5>\n                                            <p class=\"is-xsmall uppercase count\">\n\t                      106 Produtos                      <\/p>\n                                            \n                  <\/div>\n                <\/div>\n                <\/div>\n            <\/a>            <\/div>\n            <\/div><\/div>\n\n\n\t\t<\/div>\n\t\t\t\t\t<\/div>\n\n\t\n\n<\/div>\n\n\n\n<p><\/p>","protected":false},"excerpt":{"rendered":"<p>Ya tenemos nuestro amplio catalogo de perfumes de imitaci\u00f3n por categor\u00eda de hombre mujer y unisex disponemos de mas 250 referencias los mejores y m\u00e1s actuales. \ud83e\udde1<\/p>","protected":false},"author":320,"featured_media":89931,"parent":0,"menu_order":0,"comment_status":"closed","ping_status":"closed","template":"","meta":{"footnotes":""},"class_list":["post-86409","page","type-page","status-publish","has-post-thumbnail","hentry"],"_links":{"self":[{"href":"https:\/\/perfumeriamaria.com\/pt\/wp-json\/wp\/v2\/pages\/86409","targetHints":{"allow":["GET"]}}],"collection":[{"href":"https:\/\/perfumeriamaria.com\/pt\/wp-json\/wp\/v2\/pages"}],"about":[{"href":"https:\/\/perfumeriamaria.com\/pt\/wp-json\/wp\/v2\/types\/page"}],"author":[{"embeddable":true,"href":"https:\/\/perfumeriamaria.com\/pt\/wp-json\/wp\/v2\/users\/320"}],"replies":[{"embeddable":true,"href":"https:\/\/perfumeriamaria.com\/pt\/wp-json\/wp\/v2\/comments?post=86409"}],"version-history":[{"count":0,"href":"https:\/\/perfumeriamaria.com\/pt\/wp-json\/wp\/v2\/pages\/86409\/revisions"}],"wp:featuredmedia":[{"embeddable":true,"href":"https:\/\/perfumeriamaria.com\/pt\/wp-json\/wp\/v2\/media\/89931"}],"wp:attachment":[{"href":"https:\/\/perfumeriamaria.com\/pt\/wp-json\/wp\/v2\/media?parent=86409"}],"curies":[{"name":"wp","href":"https:\/\/api.w.org\/{rel}","templated":true}]}}