{"id":8,"date":"2018-02-12T10:32:11","date_gmt":"2018-02-12T09:32:11","guid":{"rendered":"https:\/\/perfumeriamaria.com\/sobre-nosotros\/"},"modified":"2022-12-21T22:16:06","modified_gmt":"2022-12-21T21:16:06","slug":"sobre-nosotros","status":"publish","type":"page","link":"https:\/\/perfumeriamaria.com\/pt\/sobre-nosotros\/","title":{"rendered":"Sobre n\u00f3s"},"content":{"rendered":"<h1 class=\"page-heading bottom-indent\" style=\"text-align: center;\">SOBRE N\u00d3S<\/h1>\n<div class=\"row\">\n<div class=\"col-xs-12 col-sm-4\">\n<div class=\"cms-block\">\n<h3>&nbsp;<\/h3>\n<h3 class=\"page-subheading\"><span style=\"color: #d83131;\">NOSSA EMPRESA<\/span><\/h3>\n<p><strong>Perfumaria Maria<\/strong> \u00e9 uma empresa especializada em <strong>perfumes de imita\u00e7\u00e3o. <\/strong>Contamos com a ajuda de funcion\u00e1rios altamente qualificados para proporcionar a voc\u00ea a qualidade e durabilidade que voc\u00ea espera em todas as nossas <strong>r\u00e9plicas de perfumes originais<\/strong>. Assim, nossa equipe conta com um dos perfumistas mais prestigiados na Europa que ganhou v\u00e1rios pr\u00eamios, gra\u00e7as a seu senso extraordin\u00e1rio do olfato. Tamb\u00e9m contamos com uma equipe de doutorado em qu\u00edmica que vai cuidar de garantir a sa\u00fade de sua pele por cima de todas as coisas. As mat\u00e9rias-primas utilizadas s\u00e3o, em sua maioria ingredientes naturais n\u00e3o \u00e9 prejudicial nem para ti, nem para o meio ambiente, sempre supervisionados por nossos especialistas. Em nosso laborat\u00f3rio , sai, pois, um perfume de melhor qualidade, dura\u00e7\u00e3o e semelhan\u00e7a, que vai fazer voc\u00ea se sentir novas sensa\u00e7\u00f5es. 99% de nossos clientes repetem ,que estaremos fazendo bem. Gostaria de apostar por perfumaria de alta qualidade, confeccionados com mat\u00e9rias-primas naturais? Este \u00e9 o s\u00edtio certo.<\/p>\n<ul class=\"list-1\" style=\"list-style-type: circle;\">\n<li>Produtos de alta qualidade<\/li>\n<li>O melhor servi\u00e7o de apoio ao cliente<\/li>\n<\/ul>\n<p>Temos a certifica\u00e7\u00e3o de gest\u00e3o de qualidade ISO 9001. Al\u00e9m disso, em nossos laborat\u00f3rios, segue-se o protocolo de fabrica\u00e7\u00e3o com base nas Boas Pr\u00e1ticas de Fabrica\u00e7\u00e3o para produtos de acordo com a norma internacional ISO 22716.<\/p>\n<\/div>\n<\/div>\n<div class=\"col-xs-12 col-sm-4\">\n<div class=\"cms-box\">\n<h3 class=\"page-subheading\"><span style=\"color: #d83131;\">PORQUE SOMOS T\u00c3O BARATOS?<\/span><\/h3>\n<h4>N\u00f3s Nos concentramos no que \u00e9 importante, o perfume!<\/h4>\n<p>Efectivamente os nossos pre\u00e7os s\u00e3o muito baratos ,temos ajustado ao m\u00e1ximo o pre\u00e7o para que esteja ao alcance de todos os bolsos. N\u00f3s pensamos que a qualidade do produto deve residir no l\u00edquido e n\u00e3o em sua embalagem, e como voc\u00ea poder\u00e1 verificar o recipiente ,a rotulagem e a embalagem \u00e9 o mais simples e o home que voc\u00ea pode fazer para obter um perfume de alta qualidade a um pre\u00e7o muito baixo. Se, pelo contr\u00e1rio, quiser uma embalagem mais bonito, com cores e outras n\u00f3s n\u00e3o somos a empresa que precisa.<\/p>\n<\/div>\n<\/div>\n<div class=\"col-xs-12 col-sm-4\">\n<div class=\"cms-box\">\n<h3 class=\"page-subheading\"><span style=\"color: #d83131;\">DOA\u00c7\u00d5ES E MEIO AMBIENTE<\/span><\/h3>\n<div class=\"testimonials\">\n<div class=\"inner\">Perfumaria Maria dona de cada perfume adquirido , 25 c\u00eantimos, a uma protetora de animais e 25 c\u00eantimos para a luta contra o c\u00e2ncer ,a protetora vai variando para cada doa\u00e7\u00e3o, de entre aquelas que mais precisarem ,e nunca se lhe dar\u00e1 dinheiro e sempre ser\u00e1 em material (pipetas, refei\u00e7\u00e3o...etc) tamb\u00e9m ajudamos as col\u00f3nias de gatos.<\/div>\n<div class=\"inner\">&nbsp;<\/div>\n<div class=\"inner\">&nbsp;<img decoding=\"async\" class=\"wp-image-1602 size-medium aligncenter\" src=\"https:\/\/perfumeriamaria.com\/wp-content\/uploads\/2019\/06\/gatitos-perfumeriamaria300x300-300x300.jpg\" alt=\"\" width=\"300\" height=\"300\" title=\"\" srcset=\"https:\/\/perfumeriamaria.com\/wp-content\/uploads\/2019\/06\/gatitos-perfumeriamaria300x300-300x300.jpg 300w, https:\/\/perfumeriamaria.com\/wp-content\/uploads\/2019\/06\/gatitos-perfumeriamaria300x300-247x247.jpg 247w, https:\/\/perfumeriamaria.com\/wp-content\/uploads\/2019\/06\/gatitos-perfumeriamaria300x300-100x100.jpg 100w, https:\/\/perfumeriamaria.com\/wp-content\/uploads\/2019\/06\/gatitos-perfumeriamaria300x300-150x150.jpg 150w, https:\/\/perfumeriamaria.com\/wp-content\/uploads\/2019\/06\/gatitos-perfumeriamaria300x300.jpg 305w\" sizes=\"(max-width: 300px) 100vw, 300px\" \/><\/div>\n<\/div>\n<p><span style=\"color: #d83131;\">Ajude-nos a cuidar do meio ambiente<\/span><\/p>\n<div class=\"testimonials\">\n<div class=\"inner\">\u00c9 respons\u00e1vel e cuida do meio ambiente, nossas embalagens s\u00e3o feitas de material reciclado em sua maior parte, quando voc\u00ea tira o vidro no contentor verde e o pulverizador em amarelo (pl\u00e1stico).<\/div>\n<\/div>\n<h3>&nbsp;<\/h3>\n<h3><span style=\"color: #d83131;\">Aproveite o seu perfume!!<\/span><\/h3>\n<\/div>\n<\/div>\n<\/div>","protected":false},"excerpt":{"rendered":"","protected":false},"author":320,"featured_media":0,"parent":0,"menu_order":3,"comment_status":"closed","ping_status":"closed","template":"","meta":{"footnotes":""},"class_list":["post-8","page","type-page","status-publish","hentry"],"_links":{"self":[{"href":"https:\/\/perfumeriamaria.com\/pt\/wp-json\/wp\/v2\/pages\/8","targetHints":{"allow":["GET"]}}],"collection":[{"href":"https:\/\/perfumeriamaria.com\/pt\/wp-json\/wp\/v2\/pages"}],"about":[{"href":"https:\/\/perfumeriamaria.com\/pt\/wp-json\/wp\/v2\/types\/page"}],"author":[{"embeddable":true,"href":"https:\/\/perfumeriamaria.com\/pt\/wp-json\/wp\/v2\/users\/320"}],"replies":[{"embeddable":true,"href":"https:\/\/perfumeriamaria.com\/pt\/wp-json\/wp\/v2\/comments?post=8"}],"version-history":[{"count":0,"href":"https:\/\/perfumeriamaria.com\/pt\/wp-json\/wp\/v2\/pages\/8\/revisions"}],"wp:attachment":[{"href":"https:\/\/perfumeriamaria.com\/pt\/wp-json\/wp\/v2\/media?parent=8"}],"curies":[{"name":"wp","href":"https:\/\/api.w.org\/{rel}","templated":true}]}}