{"id":76497,"date":"2020-01-31T21:33:39","date_gmt":"2020-01-31T20:33:39","guid":{"rendered":"https:\/\/perfumeriamaria.com\/?page_id=76497"},"modified":"2025-07-05T19:43:50","modified_gmt":"2025-07-05T18:43:50","slug":"buzon-de-sugerencias","status":"publish","type":"page","link":"https:\/\/perfumeriamaria.com\/pt\/buzon-de-sugerencias\/","title":{"rendered":"Caixa de sugest\u00f5es"},"content":{"rendered":"<h1 class=\"has-text-align-center wp-block-heading\">Caixa de sugest\u00f5es <\/h1>\n\n\n\n<h3 class=\"has-text-align-center wp-block-heading\"><strong>Tem alguma sugest\u00e3o? <\/strong><\/h3>\n\n\n\n<p>Dispomos de mais de 250 refer\u00eancias&nbsp;<strong>perfumes de imita\u00e7\u00e3o de longa dura\u00e7\u00e3o<\/strong>grande semelhan\u00e7a e fixa\u00e7\u00e3o na pele. Em nossa loja voc\u00ea encontrar\u00e1 n\u00e3o s\u00f3 o aroma que busca, tamb\u00e9m, dicas para escolher o seu perfume ideal e como us\u00e1-lo. Diga-nos quais s\u00e3o seus perfumes favoritos e n\u00f3s te aconselhamos a escolha.<\/p>\n\n\n\n<p>Suas ideias ou sugest\u00f5es ser\u00e3o lidas por nossa equipe de atendimento ao cliente, queremos atender a todos os nossos clientes.<\/p>\n\n\n\n<p><\/p>\n\n\n\n<div class=\"wp-block-columns is-layout-flex wp-container-core-columns-is-layout-9d6595d7 wp-block-columns-is-layout-flex\">\n<div class=\"wp-block-column is-layout-flow wp-block-column-is-layout-flow\" style=\"flex-basis:10%\"><\/div>\n\n\n\n<div class=\"wp-block-column is-layout-flow wp-block-column-is-layout-flow\" style=\"flex-basis:80%\">\n<div class=\"wpcf7 no-js\" id=\"wpcf7-f76498-o1\" lang=\"es-ES\" dir=\"ltr\" data-wpcf7-id=\"76498\">\n<div class=\"screen-reader-response\"><p role=\"status\" aria-live=\"polite\" aria-atomic=\"true\"><\/p> <ul><\/ul><\/div>\n<form action=\"\/pt\/wp-json\/wp\/v2\/pages\/76497#wpcf7-f76498-o1\" method=\"post\" class=\"wpcf7-form init\" aria-label=\"Formulario de contacto\" novalidate=\"novalidate\" data-status=\"init\" data-trp-original-action=\"\/pt\/wp-json\/wp\/v2\/pages\/76497#wpcf7-f76498-o1\">\n<fieldset class=\"hidden-fields-container\"><input type=\"hidden\" name=\"_wpcf7\" value=\"76498\" \/><input type=\"hidden\" name=\"_wpcf7_version\" value=\"6.1.5\" \/><input type=\"hidden\" name=\"_wpcf7_locale\" value=\"es_ES\" \/><input type=\"hidden\" name=\"_wpcf7_unit_tag\" value=\"wpcf7-f76498-o1\" \/><input type=\"hidden\" name=\"_wpcf7_container_post\" value=\"0\" \/><input type=\"hidden\" name=\"_wpcf7_posted_data_hash\" value=\"\" \/><input type=\"hidden\" name=\"_wpcf7_recaptcha_response\" value=\"\" \/>\n<\/fieldset>\n<p><label>Nome (*):<span class=\"wpcf7-form-control-wrap\" data-name=\"your-name\"><input size=\"40\" maxlength=\"400\" class=\"wpcf7-form-control wpcf7-text wpcf7-validates-as-required\" aria-required=\"true\" aria-invalid=\"false\" placeholder=\"Seu Nome\" value=\"\" type=\"text\" name=\"your-name\" \/><\/span><\/label><br \/>\n<label>E-mail (*):<\/label><span class=\"wpcf7-form-control-wrap\" data-name=\"your-email\"><input size=\"40\" maxlength=\"400\" class=\"wpcf7-form-control wpcf7-email wpcf7-validates-as-required wpcf7-text wpcf7-validates-as-email\" aria-required=\"true\" aria-invalid=\"false\" placeholder=\"Seu Email\" value=\"\" type=\"email\" name=\"your-email\" \/><\/span><br \/>\n<label>Sua mensagem:<span class=\"wpcf7-form-control-wrap\" data-name=\"your-message\"><textarea cols=\"40\" rows=\"10\" maxlength=\"2000\" class=\"wpcf7-form-control wpcf7-textarea\" aria-invalid=\"false\" placeholder=\"Conte para n\u00f3s a vossa sugest\u00e3o \/ ideia ...\" name=\"your-message\"><\/textarea><\/span><\/label><br \/>\n<input class=\"wpcf7-form-control wpcf7-submit has-spinner button\" id=\"form-submit\" type=\"submit\" value=\"Enviar\" \/><br \/>\n<small>Este site est\u00e1 protegido por sites e Google<br \/>\n<a href=\"https:\/\/policies.google.com\/privacy\" target=\"_blank\" rel=\"nofollow noopener\">Pol\u00edtica de privacidade<\/a><br \/>\n<\/small>\n<\/p><div class=\"wpcf7-response-output\" aria-hidden=\"true\"><\/div>\n<input type=\"hidden\" name=\"trp-form-language\" value=\"pt\"\/><\/form>\n<\/div>\n\n<\/div>\n\n\n\n<div class=\"wp-block-column is-layout-flow wp-block-column-is-layout-flow\" style=\"flex-basis:10%\"><\/div>\n<\/div>","protected":false},"excerpt":{"rendered":"<p>\u00bfTienes alguna sugerencia?  Tus ideas o sugerencias ser\u00e1n le\u00eddas por nuestro equipo de atenci\u00f3n al cliente, queremos satisfacer a todos nuestros clientes.<\/p>","protected":false},"author":320,"featured_media":89928,"parent":0,"menu_order":0,"comment_status":"closed","ping_status":"closed","template":"","meta":{"footnotes":""},"class_list":["post-76497","page","type-page","status-publish","has-post-thumbnail","hentry"],"_links":{"self":[{"href":"https:\/\/perfumeriamaria.com\/pt\/wp-json\/wp\/v2\/pages\/76497","targetHints":{"allow":["GET"]}}],"collection":[{"href":"https:\/\/perfumeriamaria.com\/pt\/wp-json\/wp\/v2\/pages"}],"about":[{"href":"https:\/\/perfumeriamaria.com\/pt\/wp-json\/wp\/v2\/types\/page"}],"author":[{"embeddable":true,"href":"https:\/\/perfumeriamaria.com\/pt\/wp-json\/wp\/v2\/users\/320"}],"replies":[{"embeddable":true,"href":"https:\/\/perfumeriamaria.com\/pt\/wp-json\/wp\/v2\/comments?post=76497"}],"version-history":[{"count":0,"href":"https:\/\/perfumeriamaria.com\/pt\/wp-json\/wp\/v2\/pages\/76497\/revisions"}],"wp:featuredmedia":[{"embeddable":true,"href":"https:\/\/perfumeriamaria.com\/pt\/wp-json\/wp\/v2\/media\/89928"}],"wp:attachment":[{"href":"https:\/\/perfumeriamaria.com\/pt\/wp-json\/wp\/v2\/media?parent=76497"}],"curies":[{"name":"wp","href":"https:\/\/api.w.org\/{rel}","templated":true}]}}