{"id":1005,"date":"2019-05-31T14:09:14","date_gmt":"2019-05-31T12:09:14","guid":{"rendered":"https:\/\/perfumeriamaria.com\/?page_id=1005"},"modified":"2025-07-05T19:45:22","modified_gmt":"2025-07-05T18:45:22","slug":"contacto","status":"publish","type":"page","link":"https:\/\/perfumeriamaria.com\/pt\/contacto\/","title":{"rendered":"Contacto"},"content":{"rendered":"<h1 class=\"wp-block-heading has-text-align-center\" id=\"h-formulario-de-contacto\">FORMUL\u00c1RIO DE CONTATO<\/h1>\n\n\n\n<hr class=\"wp-block-separator has-text-color has-luminous-vivid-orange-color has-css-opacity has-luminous-vivid-orange-background-color has-background is-style-wide\"\/>\n\n\n\n<div class=\"wp-block-columns is-layout-flex wp-container-core-columns-is-layout-9d6595d7 wp-block-columns-is-layout-flex\">\n<div class=\"wp-block-column is-layout-flow wp-block-column-is-layout-flow\" style=\"flex-basis:50%\">\n<figure class=\"wp-block-image aligncenter size-thumbnail is-resized\"><img decoding=\"async\" width=\"150\" height=\"50\" src=\"https:\/\/perfumeriamaria.com\/wp-content\/uploads\/2019\/05\/perfumeriamaria-logo-150x50.png\" alt=\"\" class=\"wp-image-1002\" style=\"width:200px;height:50px\" title=\"\" srcset=\"https:\/\/perfumeriamaria.com\/wp-content\/uploads\/2019\/05\/perfumeriamaria-logo-150x50.png 150w, https:\/\/perfumeriamaria.com\/wp-content\/uploads\/2019\/05\/perfumeriamaria-logo.png 153w\" sizes=\"(max-width: 150px) 100vw, 150px\" \/><\/figure>\n\n\n\n<h3 class=\"wp-block-heading has-text-align-center\" id=\"h-contacto-perfumer-a-mar-a\">CONTATO PERFUMARIA \u2665 MARIA<\/h3>\n\n\n\n<p class=\"has-text-align-center\"> Se voc\u00ea gostaria de receber algum tipo de informa\u00e7\u00e3o n\u00e3o contida em nossa p\u00e1gina ou gostaria de fazer alguma sugest\u00e3o ou coment\u00e1rio, voc\u00ea pode entrar em contato conosco, preenchendo o seguinte formul\u00e1rio<\/p>\n\n\n\n<hr class=\"wp-block-separator has-css-opacity\"\/>\n\n\n\n<p>Voc\u00ea tamb\u00e9m pode avaliar o site no Google<\/p>\n\n\n\n<p>Obrigado antecipadas \ud83d\ude42<\/p>\n<\/div>\n\n\n\n<div class=\"wp-block-column is-layout-flow wp-block-column-is-layout-flow\" style=\"flex-basis:50%\">\n\n<div class=\"wpcf7 no-js\" id=\"wpcf7-f1004-o1\" lang=\"es-ES\" dir=\"ltr\" data-wpcf7-id=\"1004\">\n<div class=\"screen-reader-response\"><p role=\"status\" aria-live=\"polite\" aria-atomic=\"true\"><\/p> <ul><\/ul><\/div>\n<form action=\"\/pt\/wp-json\/wp\/v2\/pages\/1005#wpcf7-f1004-o1\" method=\"post\" class=\"wpcf7-form init\" aria-label=\"Formulario de contacto\" novalidate=\"novalidate\" data-status=\"init\" data-trp-original-action=\"\/pt\/wp-json\/wp\/v2\/pages\/1005#wpcf7-f1004-o1\">\n<fieldset class=\"hidden-fields-container\"><input type=\"hidden\" name=\"_wpcf7\" value=\"1004\" \/><input type=\"hidden\" name=\"_wpcf7_version\" value=\"6.1.5\" \/><input type=\"hidden\" name=\"_wpcf7_locale\" value=\"es_ES\" \/><input type=\"hidden\" name=\"_wpcf7_unit_tag\" value=\"wpcf7-f1004-o1\" \/><input type=\"hidden\" name=\"_wpcf7_container_post\" value=\"0\" \/><input type=\"hidden\" name=\"_wpcf7_posted_data_hash\" value=\"\" \/><input type=\"hidden\" name=\"_wpcf7_recaptcha_response\" value=\"\" \/>\n<\/fieldset>\n<p><label>Nome (*):<\/label><span class=\"wpcf7-form-control-wrap\" data-name=\"your-name\"><input size=\"40\" maxlength=\"400\" class=\"wpcf7-form-control wpcf7-text wpcf7-validates-as-required\" aria-required=\"true\" aria-invalid=\"false\" placeholder=\"Seu Nome\" value=\"\" type=\"text\" name=\"your-name\" \/><\/span><br \/>\n<label>E-mail (*):<\/label><span class=\"wpcf7-form-control-wrap\" data-name=\"your-email\"><input size=\"40\" maxlength=\"400\" class=\"wpcf7-form-control wpcf7-email wpcf7-validates-as-required wpcf7-text wpcf7-validates-as-email\" aria-required=\"true\" aria-invalid=\"false\" placeholder=\"Seu Email\" value=\"\" type=\"email\" name=\"your-email\" \/><\/span><br \/>\n<label>Telefone:<\/label><span class=\"wpcf7-form-control-wrap\" data-name=\"Telefono\"><input size=\"40\" maxlength=\"400\" class=\"wpcf7-form-control wpcf7-tel wpcf7-text wpcf7-validates-as-tel\" aria-invalid=\"false\" placeholder=\"Telefone de contato\" value=\"\" type=\"tel\" name=\"Telefono\" \/><\/span><br \/>\n<label>Sua mensagem (*): <span class=\"wpcf7-form-control-wrap\" data-name=\"your-message\"><textarea cols=\"40\" rows=\"10\" maxlength=\"2000\" class=\"wpcf7-form-control wpcf7-textarea wpcf7-validates-as-required\" aria-required=\"true\" aria-invalid=\"false\" placeholder=\"Diga-nos brevemente o que voc\u00ea precisa ...\" name=\"your-message\"><\/textarea><\/span><\/label>\n<\/p>\n<p><label><input class=\"wpcf7-form-control wpcf7-submit has-spinner button\" id=\"form-submit\" type=\"submit\" value=\"Enviar\" \/><\/label><br \/>\n<small>Este site est\u00e1 protegido por sites e Google<br \/>\n<a href=\"https:\/\/policies.google.com\/privacy\" target=\"_blank\" rel=\"nofollow noopener\">Pol\u00edtica de privacidade<\/a><br \/>\n<\/small>\n<\/p><div class=\"wpcf7-response-output\" aria-hidden=\"true\"><\/div>\n<input type=\"hidden\" name=\"trp-form-language\" value=\"pt\"\/><\/form>\n<\/div>\n\n<\/div>\n<\/div>\n\n\n\n<hr class=\"wp-block-separator has-text-color has-luminous-vivid-orange-color has-css-opacity has-luminous-vivid-orange-background-color has-background is-style-wide\"\/>\n\n\n\n<h4 class=\"wp-block-heading has-text-align-center\" id=\"h-siempre-lo-mejor-en-perfumeriamaria-com\"> SEMPRE O MELHOR EM PERFUMERIAMARIA.COM <\/h4>","protected":false},"excerpt":{"rendered":"<p>Si desea recibir alg\u00fan tipo de informaci\u00f3n no contenida en nuestra p\u00e1gina o le gustar\u00eda realizar alguna sugerencia o comentario&#8230;.<\/p>","protected":false},"author":320,"featured_media":87847,"parent":0,"menu_order":0,"comment_status":"closed","ping_status":"closed","template":"","meta":{"footnotes":""},"class_list":["post-1005","page","type-page","status-publish","has-post-thumbnail","hentry"],"_links":{"self":[{"href":"https:\/\/perfumeriamaria.com\/pt\/wp-json\/wp\/v2\/pages\/1005","targetHints":{"allow":["GET"]}}],"collection":[{"href":"https:\/\/perfumeriamaria.com\/pt\/wp-json\/wp\/v2\/pages"}],"about":[{"href":"https:\/\/perfumeriamaria.com\/pt\/wp-json\/wp\/v2\/types\/page"}],"author":[{"embeddable":true,"href":"https:\/\/perfumeriamaria.com\/pt\/wp-json\/wp\/v2\/users\/320"}],"replies":[{"embeddable":true,"href":"https:\/\/perfumeriamaria.com\/pt\/wp-json\/wp\/v2\/comments?post=1005"}],"version-history":[{"count":0,"href":"https:\/\/perfumeriamaria.com\/pt\/wp-json\/wp\/v2\/pages\/1005\/revisions"}],"wp:featuredmedia":[{"embeddable":true,"href":"https:\/\/perfumeriamaria.com\/pt\/wp-json\/wp\/v2\/media\/87847"}],"wp:attachment":[{"href":"https:\/\/perfumeriamaria.com\/pt\/wp-json\/wp\/v2\/media?parent=1005"}],"curies":[{"name":"wp","href":"https:\/\/api.w.org\/{rel}","templated":true}]}}